{"id":1311,"date":"2018-03-11T16:59:31","date_gmt":"2018-03-11T16:59:31","guid":{"rendered":"http:\/\/slackhouseshop.pl\/?page_id=1311\/"},"modified":"2026-02-03T18:56:36","modified_gmt":"2026-02-03T17:56:36","slug":"shipment","status":"publish","type":"page","link":"https:\/\/slackhouseshop.pl\/en\/shipment\/","title":{"rendered":"Shipment"},"content":{"rendered":"<div style=\"height:40px\" aria-hidden=\"true\" class=\"wp-block-spacer\"><\/div><h2 class=\"wp-block-heading\">International shipment<\/h2><p>We send orders to almost every country in the world. Shipments are carried out by courier companies (DPD, TNT, UPS, GLS, DHL) through courier agency for the best price available.<\/p><p>After sending the goods you will receive an e-mail with information about the shipping company along with the tracking number.<\/p><p>Find your country in the list below, check the zone code, and then check the table with the shipping costs for each zone.<\/p><figure class=\"wp-block-table\"><table><tbody><tr><th><strong>COUNTRY<\/strong><\/th><th><strong>ZONE<\/strong><\/th><th><strong>DELIVERY TIME*<br>(workdays)<\/strong><\/th><th><strong>FREE SHIPPING<br>FROM<\/strong><\/th><th><strong>TAX-FREE<\/strong><\/th><\/tr><tr><td>Argentina<\/td><td>W6<\/td><td>5<\/td><td>&#8211;<\/td><td>+<\/td><\/tr><tr><td>Australia<\/td><td>W5<\/td><td>6<\/td><td>&#8211;<\/td><td>+<\/td><\/tr><tr><td>Austria<\/td><td>E3<\/td><td>3<\/td><td>500 EUR<\/td><td>&#8211;<\/td><\/tr><tr><td>Belgium<\/td><td>E2<\/td><td>3<\/td><td>400 EUR<\/td><td>&#8211;<\/td><\/tr><tr><td>Brazil<\/td><td>W4<\/td><td>7<\/td><td>&#8211;<\/td><td>+<\/td><\/tr><tr><td>Bulgaria<\/td><td>E4<\/td><td>3<\/td><td>600 EUR<\/td><td>&#8211;<\/td><\/tr><tr><td>Canada<\/td><td>W1<\/td><td>6<\/td><td>&#8211;<\/td><td>+<\/td><\/tr><tr><td>Canary Islands<\/td><td>E6<\/td><td>9<\/td><td>&#8211;<\/td><td>+<\/td><\/tr><tr><td>Chile<\/td><td>W6<\/td><td>5<\/td><td>&#8211;<\/td><td>+<\/td><\/tr><tr><td>Croatia<\/td><td>E4<\/td><td>3<\/td><td>600 EUR<\/td><td>&#8211;<\/td><\/tr><tr><td>Cyprus<\/td><td>E8<\/td><td>5<\/td><td>&#8211;<\/td><td>&#8211;<\/td><\/tr><tr><td>Czech Republic<\/td><td>E2<\/td><td>2<\/td><td>400 EUR<\/td><td>&#8211;<\/td><\/tr><tr><td>Denmark<\/td><td>E4<\/td><td>2<\/td><td>600 EUR<\/td><td>&#8211;<\/td><\/tr><tr><td>Estonia<\/td><td>E4<\/td><td>3<\/td><td>600 EUR<\/td><td>&#8211;<\/td><\/tr><tr><td>Finland<\/td><td>E4<\/td><td>3<\/td><td>600 EUR<\/td><td>&#8211;<\/td><\/tr><tr><td>France<\/td><td>E3<\/td><td>3<\/td><td>500 EUR<\/td><td>&#8211;<\/td><\/tr><tr><td>Germany<\/td><td>E1<\/td><td>1-2<\/td><td>400 EUR<\/td><td>&#8211;<\/td><\/tr><tr><td>Greece<\/td><td>E4<\/td><td>4<\/td><td>600 EUR<\/td><td>&#8211;<\/td><\/tr><tr><td>Hungary<\/td><td>E3<\/td><td>3<\/td><td>500 EUR<\/td><td>&#8211;<\/td><\/tr><tr><td>India<\/td><td>W3<\/td><td>5<\/td><td>&#8211;<\/td><td>+<\/td><\/tr><tr><td>Indonesia<\/td><td>W3<\/td><td>5<\/td><td>&#8211;<\/td><td>+<\/td><\/tr><tr><td>Ireland<\/td><td>E4<\/td><td>4<\/td><td>600 EUR<\/td><td>&#8211;<\/td><\/tr><tr><td>Israel<\/td><td>W2<\/td><td>6<\/td><td>&#8211;<\/td><td>+<\/td><\/tr><tr><td>Italy<\/td><td>E3<\/td><td>3<\/td><td>500 EUR<\/td><td>&#8211;<\/td><\/tr><tr><td>Japan<\/td><td>W3<\/td><td>5<\/td><td>&#8211;<\/td><td>+<\/td><\/tr><tr><td>Latvia<\/td><td>E4<\/td><td>2<\/td><td>600 EUR<\/td><td>&#8211;<\/td><\/tr><tr><td>Lithuania<\/td><td>E4<\/td><td>2<\/td><td>600 EUR<\/td><td>&#8211;<\/td><\/tr><tr><td>Luxembourg<\/td><td>E4<\/td><td>2<\/td><td>600 EUR<\/td><td>&#8211;<\/td><\/tr><tr><td>Macedonia<\/td><td>E7<\/td><td>5<\/td><td>&#8211;<\/td><td>+<\/td><\/tr><tr><td>Malta<\/td><td>E8<\/td><td>5<\/td><td>&#8211;<\/td><td>&#8211;<\/td><\/tr><tr><td>Mexico<\/td><td>W2<\/td><td>7<\/td><td>&#8211;<\/td><td>+<\/td><\/tr><tr><td>Moldova<\/td><td>E7<\/td><td>5<\/td><td>&#8211;<\/td><td>+<\/td><\/tr><tr><td>Morocco<\/td><td>W5<\/td><td>6<\/td><td>&#8211;<\/td><td>+<\/td><\/tr><tr><td>Netherlands<\/td><td>E2<\/td><td>3<\/td><td>400 EUR<\/td><td>&#8211;<\/td><\/tr><tr><td>New Zealand<\/td><td>W5<\/td><td>5<\/td><td>&#8211;<\/td><td>+<\/td><\/tr><tr><td>Norway<\/td><td>E5<\/td><td>4<\/td><td>&#8211;<\/td><td>+<\/td><\/tr><tr><td>Peru<\/td><td>W6<\/td><td>5<\/td><td>&#8211;<\/td><td>+<\/td><\/tr><tr><td>Portugal<\/td><td>E4<\/td><td>4<\/td><td>600 EUR<\/td><td>&#8211;<\/td><\/tr><tr><td>Romania<\/td><td>E4<\/td><td>3<\/td><td>600 EUR<\/td><td>&#8211;<\/td><\/tr><tr><td>Russia<\/td><td>E5<\/td><td>5<\/td><td>&#8211;<\/td><td>+<\/td><\/tr><tr><td>Serbia<\/td><td>E7<\/td><td>4<\/td><td>&#8211;<\/td><td>+<\/td><\/tr><tr><td>Slovakia<\/td><td>E2<\/td><td>2<\/td><td>400 EUR<\/td><td>&#8211;<\/td><\/tr><tr><td>Slovenia<\/td><td>E4<\/td><td>3<\/td><td>600 EUR<\/td><td>&#8211;<\/td><\/tr><tr><td>South Africa<\/td><td>W6<\/td><td>5<\/td><td>&#8211;<\/td><td>+<\/td><\/tr><tr><td>Spain<\/td><td>E3<\/td><td>3<\/td><td>500 EUR<\/td><td>&#8211;<\/td><\/tr><tr><td>Sweden<\/td><td>E4<\/td><td>3<\/td><td>600 EUR<\/td><td>&#8211;<\/td><\/tr><tr><td>Switzerland<\/td><td>E5<\/td><td>3<\/td><td>&#8211;<\/td><td>+<\/td><\/tr><tr><td>Thailand<\/td><td>W3<\/td><td>5<\/td><td>&#8211;<\/td><td>+<\/td><\/tr><tr><td>Turkey<\/td><td>W1<\/td><td>6<\/td><td>&#8211;<\/td><td>+<\/td><\/tr><tr><td>Ukraine<\/td><td>E5<\/td><td>5<\/td><td>&#8211;<\/td><td>+<\/td><\/tr><tr><td>United Kingdom<\/td><td>E3C<\/td><td>5<\/td><td>550 EUR<\/td><td>+<\/td><\/tr><tr><td>USA<\/td><td>W1<\/td><td>5<\/td><td>&#8211;<\/td><td>+<\/td><\/tr><\/tbody><\/table><\/figure><p>* The delivery time does not include customs clearance procedures in the destination country.<\/p><p>If you have not found your country on the list above, please write to us! We will check the shipping costs and add it to the list.<\/p><p class=\"has-light-green-cyan-color has-text-color\">PLEASE VERIFY THE SHIPPING COST AT THE CHECKOUT PAGE &#8211; IT IS BASED ON DYNAMIC EXCHANGE RATE AND IN MOST CASES IS LOWER THAN IN TABLE BELOW. <\/p><h3 class=\"wp-block-heading\">Shipping cost:<\/h3><figure class=\"wp-block-table\"><table><tbody><tr><th>Weight up to -&gt;<\/th><th>3 kg<\/th><th>6 kg<\/th><th>9 kg<\/th><th>12 kg<\/th><th>16 kg<\/th><th>20 kg<\/th><th>25 kg<\/th><th>30 kg<\/th><\/tr><tr><td>E1<\/td><td>\u20ac 15,00<\/td><td>\u20ac 15,00<\/td><td>\u20ac 15,00<\/td><td>\u20ac 15,00<\/td><td>\u20ac 15,00<\/td><td>\u20ac 15,00<\/td><td>\u20ac 15,00<\/td><td>\u20ac 15,00<\/td><\/tr><tr><td>E2<\/td><td>\u20ac 15,00<\/td><td>\u20ac 16,00<\/td><td>\u20ac 17,00<\/td><td>\u20ac 17,00<\/td><td>\u20ac 20,00<\/td><td>\u20ac 20,00<\/td><td>\u20ac 20,00<\/td><td>\u20ac 20,00<\/td><\/tr><tr><td>E3<\/td><td>\u20ac 17,00<\/td><td>\u20ac 22,00<\/td><td>\u20ac 22,00<\/td><td>\u20ac 25,00<\/td><td>\u20ac 25,00<\/td><td>\u20ac 27,00<\/td><td>\u20ac 30,00<\/td><td>\u20ac 30,00<\/td><\/tr><tr><td>E3C<\/td><td>\u20ac 27,00<\/td><td>\u20ac  32,00<\/td><td>\u20ac 32,00<\/td><td>\u20ac 35,00<\/td><td>\u20ac 37,00<\/td><td>\u20ac 37,00<\/td><td>\u20ac 42,00<\/td><td>\u20ac 44,00<\/td><\/tr><tr><td>E4<\/td><td>\u20ac 25,00<\/td><td>\u20ac 25,00<\/td><td>\u20ac 25,00<\/td><td>\u20ac 27,00<\/td><td>\u20ac 27,00<\/td><td>\u20ac 27,00<\/td><td>\u20ac 30,00<\/td><td>\u20ac 30,00<\/td><\/tr><tr><td>E5<\/td><td>\u20ac 35,00<\/td><td>\u20ac 40,00<\/td><td>\u20ac 45,00<\/td><td>\u20ac 50,00<\/td><td>\u20ac 55,00<\/td><td>\u20ac 57,00<\/td><td>\u20ac 60,00<\/td><td>\u20ac 65,00<\/td><\/tr><tr><td>E6<\/td><td>37,00 \u20ac<\/td><td>37,00 \u20ac<\/td><td>37,00 \u20ac<\/td><td>40,00 \u20ac<\/td><td>42,00 \u20ac<\/td><td>45,00 \u20ac<\/td><td>47,00 \u20ac<\/td><td>50,00 \u20ac<\/td><\/tr><tr><td>E7<\/td><td>47,00 \u20ac<\/td><td>57,00 \u20ac<\/td><td>67,00 \u20ac<\/td><td>77,00 \u20ac<\/td><td>90,00 \u20ac<\/td><td>102,00 \u20ac<\/td><td>117,00 \u20ac<\/td><td>132,00 \u20ac<\/td><\/tr><tr><td>E8<\/td><td>57,00 \u20ac<\/td><td>70,00 \u20ac<\/td><td>82,00 \u20ac<\/td><td>95,00 \u20ac<\/td><td>110,00 \u20ac<\/td><td>125,00 \u20ac<\/td><td>142,00 \u20ac<\/td><td>162,00 \u20ac<\/td><\/tr><tr><td>W1<\/td><td>47,00 \u20ac<\/td><td>63,00 \u20ac<\/td><td>71,00 \u20ac<\/td><td>77,00 \u20ac<\/td><td>90,00 \u20ac<\/td><td>95,00 \u20ac<\/td><td>110,00 \u20ac<\/td><td>125,00 \u20ac<\/td><\/tr><tr><td>W2<\/td><td>53,00 \u20ac<\/td><td>75,00 \u20ac<\/td><td>90,00 \u20ac<\/td><td>103,00 \u20ac<\/td><td>115,00 \u20ac<\/td><td>125,00 \u20ac<\/td><td>145,00 \u20ac<\/td><td>160,00 \u20ac<\/td><\/tr><tr><td>W3<\/td><td>68,00 \u20ac<\/td><td>85,00 \u20ac<\/td><td>103,00 \u20ac<\/td><td>120,00 \u20ac<\/td><td>140,00 \u20ac<\/td><td>160,00 \u20ac<\/td><td>180,00 \u20ac<\/td><td>200,00 \u20ac<\/td><\/tr><tr><td>W4<\/td><td>70,00 \u20ac<\/td><td>82,00 \u20ac<\/td><td>97,00 \u20ac<\/td><td>110,00 \u20ac<\/td><td>125,00 \u20ac<\/td><td>140,00 \u20ac<\/td><td>170,00 \u20ac<\/td><td>190,00 \u20ac<\/td><\/tr><tr><td>W5<\/td><td>70,00 \u20ac<\/td><td>93,00 \u20ac<\/td><td>113,00 \u20ac<\/td><td>130,00 \u20ac<\/td><td>150,00 \u20ac<\/td><td>170,00 \u20ac<\/td><td>195,00 \u20ac<\/td><td>223,00 \u20ac<\/td><\/tr><tr><td>W6<\/td><td>75,00 \u20ac<\/td><td>108,00 \u20ac<\/td><td>130,00 \u20ac<\/td><td>145,00 \u20ac<\/td><td>168,00 \u20ac<\/td><td>188,00 \u20ac<\/td><td>215,00 \u20ac<\/td><td>240,00 \u20ac<\/td><\/tr><\/tbody><\/table><\/figure><p>Shipping costs inside the European Union (zones E1 to E4 and E7) include 23% VAT tax.<\/p><p>Shipping costs outside the European Union (zones E3C, E5, E6, W1 to W6) are TAX-FREE.<\/p><p>All import charges and fees in the destination country are covered by the recipient.<\/p><hr class=\"wp-block-separator has-css-opacity is-style-wide\"\/><h2 class=\"wp-block-heading\">Domestic shipment<\/h2><p>In most cases we send orders within one workdays (but not later than in three days) from confirmed payment. There are however situations when for some reason we can not send your order within this time. If that happen you will be informed about this fact.<\/p><p>The delivery time for goods available &#8220;on order&#8221; is determined individually and we will inform you about it. In most cases, bringing products from the distributor takes 2-4 workdays.<\/p><p>If you are really in a rush, don&#8217;t hesitate to contact us via email or phone. We will try to send the order as soon as possible.<\/p><p>Orders over 100\u20ac qualify for FREE shipping!<\/p><h3 class=\"wp-block-heading\">Shipping cost:<\/h3><figure class=\"wp-block-table\"><table><tbody><tr><th><strong>DELIVERER<\/strong><\/th><th><strong>WEIGHT<\/strong><\/th><th><strong>PRICE<\/strong><\/th><th><strong>DELIVERY TIME<br>(workdays)<\/strong><\/th><\/tr><tr><td>Paczkomaty InPost<\/td><td>max 25 kg<\/td><td>4,00 \u20ac<\/td><td>2<\/td><\/tr><tr><td>Courier delivery<\/td><td>max 30 kg<\/td><td>5,00 \u20ac<\/td><td>1-2<\/td><\/tr><tr><td>Courier delivery (COD)<\/td><td>max 30 kg<\/td><td>6,50 \u20ac<\/td><td>1-2<\/td><\/tr><tr><td>Personal pickup<\/td><td>&#8211;<\/td><td>free<\/td><td>1 (confirmation required)<\/td><\/tr><\/tbody><\/table><\/figure><p>Prices include 23% VAT tax.<\/p><h3 class=\"wp-block-heading\">Personal pickup:<\/h3><p>Personal pickup is possible at the company&#8217;s headquarters (\u0141\u00f3d\u017a, Czeremchy 11) after prior telephone arrangement of the pickup date.<\/p><p>We do not run a stationary store!<\/p>","protected":false},"excerpt":{"rendered":"<p>International shipment We send orders to almost every country in the world. Shipments are carried out by courier companies (DPD, TNT, UPS, GLS, DHL) through courier agency for the best price available. After sending the goods you will receive an e-mail with information about the shipping company along with the tracking number. Find your country [&hellip;]<\/p>\n","protected":false},"author":2,"featured_media":0,"parent":0,"menu_order":0,"comment_status":"closed","ping_status":"closed","template":"","meta":{"_acf_changed":false,"footnotes":""},"class_list":["post-1311","page","type-page","status-publish","hentry"],"acf":[],"yoast_head":"<!-- This site is optimized with the Yoast SEO plugin v26.6 - https:\/\/yoast.com\/wordpress\/plugins\/seo\/ -->\n<title>Shipment - Slackhouse Shop<\/title>\n<meta name=\"robots\" content=\"noindex, follow\" \/>\n<meta property=\"og:locale\" content=\"en_US\" \/>\n<meta property=\"og:type\" content=\"article\" \/>\n<meta property=\"og:title\" content=\"Shipment - Slackhouse Shop\" \/>\n<meta property=\"og:description\" content=\"International shipment We send orders to almost every country in the world. Shipments are carried out by courier companies (DPD, TNT, UPS, GLS, DHL) through courier agency for the best price available. After sending the goods you will receive an e-mail with information about the shipping company along with the tracking number. Find your country [&hellip;]\" \/>\n<meta property=\"og:url\" content=\"https:\/\/slackhouseshop.pl\/en\/shipment\/\" \/>\n<meta property=\"og:site_name\" content=\"Slackhouse Shop\" \/>\n<meta property=\"article:modified_time\" content=\"2026-02-03T17:56:36+00:00\" \/>\n<meta name=\"twitter:card\" content=\"summary_large_image\" \/>\n<meta name=\"twitter:label1\" content=\"Est. reading time\" \/>\n\t<meta name=\"twitter:data1\" content=\"6 minutes\" \/>\n<script type=\"application\/ld+json\" class=\"yoast-schema-graph\">{\"@context\":\"https:\/\/schema.org\",\"@graph\":[{\"@type\":\"WebPage\",\"@id\":\"https:\/\/slackhouseshop.pl\/en\/shipment\/\",\"url\":\"https:\/\/slackhouseshop.pl\/en\/shipment\/\",\"name\":\"Shipment - Slackhouse Shop\",\"isPartOf\":{\"@id\":\"https:\/\/slackhouseshop.pl\/en\/#website\"},\"datePublished\":\"2018-03-11T16:59:31+00:00\",\"dateModified\":\"2026-02-03T17:56:36+00:00\",\"breadcrumb\":{\"@id\":\"https:\/\/slackhouseshop.pl\/en\/shipment\/#breadcrumb\"},\"inLanguage\":\"en-US\",\"potentialAction\":[{\"@type\":\"ReadAction\",\"target\":[\"https:\/\/slackhouseshop.pl\/en\/shipment\/\"]}]},{\"@type\":\"BreadcrumbList\",\"@id\":\"https:\/\/slackhouseshop.pl\/en\/shipment\/#breadcrumb\",\"itemListElement\":[{\"@type\":\"ListItem\",\"position\":1,\"name\":\"Strona g\u0142\u00f3wna\",\"item\":\"https:\/\/slackhouseshop.pl\/en\/\"},{\"@type\":\"ListItem\",\"position\":2,\"name\":\"Shipment\"}]},{\"@type\":\"WebSite\",\"@id\":\"https:\/\/slackhouseshop.pl\/en\/#website\",\"url\":\"https:\/\/slackhouseshop.pl\/en\/\",\"name\":\"Slackhouse Shop\",\"description\":\"Dev\",\"potentialAction\":[{\"@type\":\"SearchAction\",\"target\":{\"@type\":\"EntryPoint\",\"urlTemplate\":\"https:\/\/slackhouseshop.pl\/en\/?s={search_term_string}\"},\"query-input\":{\"@type\":\"PropertyValueSpecification\",\"valueRequired\":true,\"valueName\":\"search_term_string\"}}],\"inLanguage\":\"en-US\"}]}<\/script>\n<!-- \/ Yoast SEO plugin. -->","yoast_head_json":{"title":"Shipment - Slackhouse Shop","robots":{"index":"noindex","follow":"follow"},"og_locale":"en_US","og_type":"article","og_title":"Shipment - Slackhouse Shop","og_description":"International shipment We send orders to almost every country in the world. Shipments are carried out by courier companies (DPD, TNT, UPS, GLS, DHL) through courier agency for the best price available. After sending the goods you will receive an e-mail with information about the shipping company along with the tracking number. Find your country [&hellip;]","og_url":"https:\/\/slackhouseshop.pl\/en\/shipment\/","og_site_name":"Slackhouse Shop","article_modified_time":"2026-02-03T17:56:36+00:00","twitter_card":"summary_large_image","twitter_misc":{"Est. reading time":"6 minutes"},"schema":{"@context":"https:\/\/schema.org","@graph":[{"@type":"WebPage","@id":"https:\/\/slackhouseshop.pl\/en\/shipment\/","url":"https:\/\/slackhouseshop.pl\/en\/shipment\/","name":"Shipment - Slackhouse Shop","isPartOf":{"@id":"https:\/\/slackhouseshop.pl\/en\/#website"},"datePublished":"2018-03-11T16:59:31+00:00","dateModified":"2026-02-03T17:56:36+00:00","breadcrumb":{"@id":"https:\/\/slackhouseshop.pl\/en\/shipment\/#breadcrumb"},"inLanguage":"en-US","potentialAction":[{"@type":"ReadAction","target":["https:\/\/slackhouseshop.pl\/en\/shipment\/"]}]},{"@type":"BreadcrumbList","@id":"https:\/\/slackhouseshop.pl\/en\/shipment\/#breadcrumb","itemListElement":[{"@type":"ListItem","position":1,"name":"Strona g\u0142\u00f3wna","item":"https:\/\/slackhouseshop.pl\/en\/"},{"@type":"ListItem","position":2,"name":"Shipment"}]},{"@type":"WebSite","@id":"https:\/\/slackhouseshop.pl\/en\/#website","url":"https:\/\/slackhouseshop.pl\/en\/","name":"Slackhouse Shop","description":"Dev","potentialAction":[{"@type":"SearchAction","target":{"@type":"EntryPoint","urlTemplate":"https:\/\/slackhouseshop.pl\/en\/?s={search_term_string}"},"query-input":{"@type":"PropertyValueSpecification","valueRequired":true,"valueName":"search_term_string"}}],"inLanguage":"en-US"}]}},"_links":{"self":[{"href":"https:\/\/slackhouseshop.pl\/en\/wp-json\/wp\/v2\/pages\/1311","targetHints":{"allow":["GET"]}}],"collection":[{"href":"https:\/\/slackhouseshop.pl\/en\/wp-json\/wp\/v2\/pages"}],"about":[{"href":"https:\/\/slackhouseshop.pl\/en\/wp-json\/wp\/v2\/types\/page"}],"author":[{"embeddable":true,"href":"https:\/\/slackhouseshop.pl\/en\/wp-json\/wp\/v2\/users\/2"}],"replies":[{"embeddable":true,"href":"https:\/\/slackhouseshop.pl\/en\/wp-json\/wp\/v2\/comments?post=1311"}],"version-history":[{"count":29,"href":"https:\/\/slackhouseshop.pl\/en\/wp-json\/wp\/v2\/pages\/1311\/revisions"}],"predecessor-version":[{"id":8200,"href":"https:\/\/slackhouseshop.pl\/en\/wp-json\/wp\/v2\/pages\/1311\/revisions\/8200"}],"wp:attachment":[{"href":"https:\/\/slackhouseshop.pl\/en\/wp-json\/wp\/v2\/media?parent=1311"}],"curies":[{"name":"wp","href":"https:\/\/api.w.org\/{rel}","templated":true}]}}