{"id":1177,"date":"2017-06-20T05:44:39","date_gmt":"2017-06-20T05:44:39","guid":{"rendered":"http:\/\/slackhouseshop.pl\/produkt\/rubber-band-mk-iii-blu\/"},"modified":"2025-05-21T07:25:45","modified_gmt":"2025-05-21T06:25:45","slug":"rubber-band-blu","status":"publish","type":"product","link":"https:\/\/slackhouseshop.pl\/en\/produkt\/rubber-band-blu\/","title":{"rendered":"Rubber Band BLU"},"content":{"rendered":"<p>A classic, flat, nylon (polyamide) webbing with high stretch and incredible energy. Created to fulfill dreams of sky-high bounces and wild surfs. Do not get scared of high stretch demanding more effort while tensioning \u2013 end result is worth it.<br \/>\nRubber Band works perfectly at short highlines introducing more bouncy feeling also increasing their safety margin. Yet it gives the most fun at medium lengths even at low tension.<\/p>\n<p>Rubber Band is dedicated for slackliners knowing their needs. Great for freestyle training and bouncy highlines.<\/p>\n<p>MK III introduces special weaving increasing abrasion resistance and color threads different on each side for easier twist detection.<\/p>\n<p>Please note the new batch blue color is much darker that previous edition!<\/p>\n","protected":false},"excerpt":{"rendered":"<p>Full of energy polyamide slackline webbing.<\/p>\n","protected":false},"featured_media":4987,"comment_status":"closed","ping_status":"closed","template":"","meta":{"_acf_changed":false},"product_cat":[136],"product_tag":[],"class_list":{"0":"post-1177","1":"product","2":"type-product","3":"status-publish","4":"has-post-thumbnail","6":"product_cat-webbings","7":"wcpa_has_options","9":"first","10":"outofstock","11":"taxable","12":"shipping-taxable","13":"purchasable","14":"product-type-variable","15":"has-default-attributes"},"acf":[],"yoast_head":"<!-- This site is optimized with the Yoast SEO plugin v26.6 - https:\/\/yoast.com\/wordpress\/plugins\/seo\/ -->\n<title>Rubber Band Blu slackline nylon webbing - Slackhouse Shop<\/title>\n<meta name=\"description\" content=\"Full of energy polyamide slackline webbing for advanced slackliners. Sky-high bounces and wild surfs.\" \/>\n<meta name=\"robots\" content=\"index, follow, max-snippet:-1, max-image-preview:large, max-video-preview:-1\" \/>\n<link rel=\"canonical\" href=\"https:\/\/slackhouseshop.pl\/en\/produkt\/rubber-band-blu\/\" \/>\n<meta property=\"og:locale\" content=\"en_US\" \/>\n<meta property=\"og:type\" content=\"article\" \/>\n<meta property=\"og:title\" content=\"Rubber Band Blu slackline nylon webbing - Slackhouse Shop\" \/>\n<meta property=\"og:description\" content=\"Full of energy polyamide slackline webbing for advanced slackliners. Sky-high bounces and wild surfs.\" \/>\n<meta property=\"og:url\" content=\"https:\/\/slackhouseshop.pl\/en\/produkt\/rubber-band-blu\/\" \/>\n<meta property=\"og:site_name\" content=\"Slackhouse Shop\" \/>\n<meta property=\"article:modified_time\" content=\"2025-05-21T06:25:45+00:00\" \/>\n<meta property=\"og:image\" content=\"https:\/\/slackhouseshop.pl\/wp-content\/uploads\/2017\/06\/SH_RubberBandB_05.jpg\" \/>\n\t<meta property=\"og:image:width\" content=\"1000\" \/>\n\t<meta property=\"og:image:height\" content=\"1000\" \/>\n\t<meta property=\"og:image:type\" content=\"image\/jpeg\" \/>\n<meta name=\"twitter:card\" content=\"summary_large_image\" \/>\n<meta name=\"twitter:label1\" content=\"Est. reading time\" \/>\n\t<meta name=\"twitter:data1\" content=\"1 minute\" \/>\n<script type=\"application\/ld+json\" class=\"yoast-schema-graph\">{\"@context\":\"https:\/\/schema.org\",\"@graph\":[{\"@type\":\"WebPage\",\"@id\":\"https:\/\/slackhouseshop.pl\/en\/produkt\/rubber-band-blu\/\",\"url\":\"https:\/\/slackhouseshop.pl\/en\/produkt\/rubber-band-blu\/\",\"name\":\"Rubber Band Blu slackline nylon webbing - Slackhouse Shop\",\"isPartOf\":{\"@id\":\"https:\/\/slackhouseshop.pl\/en\/#website\"},\"primaryImageOfPage\":{\"@id\":\"https:\/\/slackhouseshop.pl\/en\/produkt\/rubber-band-blu\/#primaryimage\"},\"image\":{\"@id\":\"https:\/\/slackhouseshop.pl\/en\/produkt\/rubber-band-blu\/#primaryimage\"},\"thumbnailUrl\":\"https:\/\/slackhouseshop.pl\/wp-content\/uploads\/2017\/06\/SH_RubberBandB_05.jpg\",\"datePublished\":\"2017-06-20T05:44:39+00:00\",\"dateModified\":\"2025-05-21T06:25:45+00:00\",\"description\":\"Full of energy polyamide slackline webbing for advanced slackliners. Sky-high bounces and wild surfs.\",\"breadcrumb\":{\"@id\":\"https:\/\/slackhouseshop.pl\/en\/produkt\/rubber-band-blu\/#breadcrumb\"},\"inLanguage\":\"en-US\",\"potentialAction\":[{\"@type\":\"ReadAction\",\"target\":[\"https:\/\/slackhouseshop.pl\/en\/produkt\/rubber-band-blu\/\"]}]},{\"@type\":\"ImageObject\",\"inLanguage\":\"en-US\",\"@id\":\"https:\/\/slackhouseshop.pl\/en\/produkt\/rubber-band-blu\/#primaryimage\",\"url\":\"https:\/\/slackhouseshop.pl\/wp-content\/uploads\/2017\/06\/SH_RubberBandB_05.jpg\",\"contentUrl\":\"https:\/\/slackhouseshop.pl\/wp-content\/uploads\/2017\/06\/SH_RubberBandB_05.jpg\",\"width\":1000,\"height\":1000,\"caption\":\"Slackhouse Rubber Band BLU\"},{\"@type\":\"BreadcrumbList\",\"@id\":\"https:\/\/slackhouseshop.pl\/en\/produkt\/rubber-band-blu\/#breadcrumb\",\"itemListElement\":[{\"@type\":\"ListItem\",\"position\":1,\"name\":\"Strona g\u0142\u00f3wna\",\"item\":\"https:\/\/slackhouseshop.pl\/en\/\"},{\"@type\":\"ListItem\",\"position\":2,\"name\":\"Shop\",\"item\":\"https:\/\/slackhouseshop.pl\/en\/shop\/\"},{\"@type\":\"ListItem\",\"position\":3,\"name\":\"Rubber Band BLU\"}]},{\"@type\":\"WebSite\",\"@id\":\"https:\/\/slackhouseshop.pl\/en\/#website\",\"url\":\"https:\/\/slackhouseshop.pl\/en\/\",\"name\":\"Slackhouse Shop\",\"description\":\"Dev\",\"potentialAction\":[{\"@type\":\"SearchAction\",\"target\":{\"@type\":\"EntryPoint\",\"urlTemplate\":\"https:\/\/slackhouseshop.pl\/en\/?s={search_term_string}\"},\"query-input\":{\"@type\":\"PropertyValueSpecification\",\"valueRequired\":true,\"valueName\":\"search_term_string\"}}],\"inLanguage\":\"en-US\"}]}<\/script>\n<!-- \/ Yoast SEO plugin. -->","yoast_head_json":{"title":"Rubber Band Blu slackline nylon webbing - Slackhouse Shop","description":"Full of energy polyamide slackline webbing for advanced slackliners. Sky-high bounces and wild surfs.","robots":{"index":"index","follow":"follow","max-snippet":"max-snippet:-1","max-image-preview":"max-image-preview:large","max-video-preview":"max-video-preview:-1"},"canonical":"https:\/\/slackhouseshop.pl\/en\/produkt\/rubber-band-blu\/","og_locale":"en_US","og_type":"article","og_title":"Rubber Band Blu slackline nylon webbing - Slackhouse Shop","og_description":"Full of energy polyamide slackline webbing for advanced slackliners. Sky-high bounces and wild surfs.","og_url":"https:\/\/slackhouseshop.pl\/en\/produkt\/rubber-band-blu\/","og_site_name":"Slackhouse Shop","article_modified_time":"2025-05-21T06:25:45+00:00","og_image":[{"width":1000,"height":1000,"url":"https:\/\/slackhouseshop.pl\/wp-content\/uploads\/2017\/06\/SH_RubberBandB_05.jpg","type":"image\/jpeg"}],"twitter_card":"summary_large_image","twitter_misc":{"Est. reading time":"1 minute"},"schema":{"@context":"https:\/\/schema.org","@graph":[{"@type":"WebPage","@id":"https:\/\/slackhouseshop.pl\/en\/produkt\/rubber-band-blu\/","url":"https:\/\/slackhouseshop.pl\/en\/produkt\/rubber-band-blu\/","name":"Rubber Band Blu slackline nylon webbing - Slackhouse Shop","isPartOf":{"@id":"https:\/\/slackhouseshop.pl\/en\/#website"},"primaryImageOfPage":{"@id":"https:\/\/slackhouseshop.pl\/en\/produkt\/rubber-band-blu\/#primaryimage"},"image":{"@id":"https:\/\/slackhouseshop.pl\/en\/produkt\/rubber-band-blu\/#primaryimage"},"thumbnailUrl":"https:\/\/slackhouseshop.pl\/wp-content\/uploads\/2017\/06\/SH_RubberBandB_05.jpg","datePublished":"2017-06-20T05:44:39+00:00","dateModified":"2025-05-21T06:25:45+00:00","description":"Full of energy polyamide slackline webbing for advanced slackliners. Sky-high bounces and wild surfs.","breadcrumb":{"@id":"https:\/\/slackhouseshop.pl\/en\/produkt\/rubber-band-blu\/#breadcrumb"},"inLanguage":"en-US","potentialAction":[{"@type":"ReadAction","target":["https:\/\/slackhouseshop.pl\/en\/produkt\/rubber-band-blu\/"]}]},{"@type":"ImageObject","inLanguage":"en-US","@id":"https:\/\/slackhouseshop.pl\/en\/produkt\/rubber-band-blu\/#primaryimage","url":"https:\/\/slackhouseshop.pl\/wp-content\/uploads\/2017\/06\/SH_RubberBandB_05.jpg","contentUrl":"https:\/\/slackhouseshop.pl\/wp-content\/uploads\/2017\/06\/SH_RubberBandB_05.jpg","width":1000,"height":1000,"caption":"Slackhouse Rubber Band BLU"},{"@type":"BreadcrumbList","@id":"https:\/\/slackhouseshop.pl\/en\/produkt\/rubber-band-blu\/#breadcrumb","itemListElement":[{"@type":"ListItem","position":1,"name":"Strona g\u0142\u00f3wna","item":"https:\/\/slackhouseshop.pl\/en\/"},{"@type":"ListItem","position":2,"name":"Shop","item":"https:\/\/slackhouseshop.pl\/en\/shop\/"},{"@type":"ListItem","position":3,"name":"Rubber Band BLU"}]},{"@type":"WebSite","@id":"https:\/\/slackhouseshop.pl\/en\/#website","url":"https:\/\/slackhouseshop.pl\/en\/","name":"Slackhouse Shop","description":"Dev","potentialAction":[{"@type":"SearchAction","target":{"@type":"EntryPoint","urlTemplate":"https:\/\/slackhouseshop.pl\/en\/?s={search_term_string}"},"query-input":{"@type":"PropertyValueSpecification","valueRequired":true,"valueName":"search_term_string"}}],"inLanguage":"en-US"}]}},"wcpa_form_fields":{"wcpaData":{"product":{"product_price":1.88,"price_html":"<span class=\"woocommerce-Price-amount amount\"><bdi><span class=\"woocommerce-Price-currencySymbol\">&euro;<\/span>1.88<\/bdi><\/span> &ndash; <span class=\"woocommerce-Price-amount amount\"><bdi><span class=\"woocommerce-Price-currencySymbol\">&euro;<\/span>262.50<\/bdi><\/span>","original_product_price":1.88,"price_including_tax":1.88,"price_excluding_tax":1.528455,"product_id":{"parent":1177,"variation":false},"is_variable":true,"stock_status":"outofstock","stock_quantity":null,"parent_sku":"SH-RUBBER-BAND-MKIII-BLU","product_attributes":{"pa_producent":{"is_variation":false,"values":["slackhouse-en"]},"pa_material":{"is_variation":false,"values":["96-nylon-4-polyester"]},"pa_splot":{"is_variation":false,"values":["flat"]},"pa_wytrzymalosc":{"is_variation":false,"values":["28-kn-en"]},"pa_dopuszczalne-obciazenie":{"is_variation":false,"values":["7-kn-en"]},"pa_waga":{"is_variation":false,"values":["60-gm-en"]},"pa_szerokosc":{"is_variation":false,"values":["25-mm-en-2"]},"pa_grubosc":{"is_variation":false,"values":["335-mm-en"]},"pa_wydluzenie":{"is_variation":false,"values":["127-5-kn-en","197-10-kn-en"]},"pa_kraj-produkcji":{"is_variation":false,"values":["poland"]},"pa_odcinki":{"is_variation":true,"values":[]},"wersja":{"is_variation":false,"values":["MK III"]}},"custom_fields":[],"is_taxable":true,"product_name":"Rubber Band BLU","hasImage":false},"fields":{"sec_96735c5ad05679":{"extra":{"key":"sec_96735c5ad05679","section_id":"sec_96735c5ad05679","name":"Default","status":1,"cl_rule":"show","enableCl":false,"relations":[],"toggle":true,"title_tag":"h3","show_title":false,"showPrice":"default","form_id":3603,"form_rules":{"exclude_from_discount":false,"fee_label":"Op\u0142ata","disp_hide_options_price":false,"disp_show_section_price":false,"disp_show_field_price":false,"layout_option":"standard","pric_use_as_fee":false,"process_fee_as":"woo_fee"},"layout_option":"standard"},"fields":[[{"type":"image-group","required":true,"label":"Sewn loops - first end","elementId":"wcpa-image-group-1578412751582","description":"","desc_type":true,"inline":true,"enablePrice":true,"priceOptions":"different_for_all","pricingType":"fixed","enable_popup":"no","name":"image-group-1578412751582","hideImageIn_cart":true,"hideImageIn_email":true,"disp_type":"squircle","img_selection_type":"outline","other_text":"Other","cl_rule":"show","col":6,"values":[{"label":"No loop","price":"0","image":"https:\/\/slackhouseshop.pl\/wp-content\/uploads\/2021\/02\/SH_NoLoopmL-1.jpg","image_id":"3588","thumb":"https:\/\/slackhouseshop.pl\/wp-content\/uploads\/2021\/02\/SH_NoLoopmL-1-150x70.jpg","selected":true,"value":"0","thumb_src":"https:\/\/slackhouseshop.pl\/wp-content\/uploads\/2021\/02\/SH_NoLoopmL-1-150x70.jpg","gt_translate_keys":["label"]},{"label":"Single loop","price":"50","image":"https:\/\/slackhouseshop.pl\/wp-content\/uploads\/2021\/02\/SH_SewnLoopSmL-1.jpg","image_id":"3596","thumb":"https:\/\/slackhouseshop.pl\/wp-content\/uploads\/2021\/02\/SH_SewnLoopSmL-1-150x70.jpg","value":"1","thumb_src":"https:\/\/slackhouseshop.pl\/wp-content\/uploads\/2021\/02\/SH_SewnLoopSmL-1-150x70.jpg","gt_translate_keys":["label"]},{"label":"Double loop","price":"90","image":"https:\/\/slackhouseshop.pl\/wp-content\/uploads\/2021\/02\/SH_SewnLoopDmL-1.jpg","image_id":"3592","thumb":"https:\/\/slackhouseshop.pl\/wp-content\/uploads\/2021\/02\/SH_SewnLoopDmL-1-150x70.jpg","value":"2","thumb_src":"https:\/\/slackhouseshop.pl\/wp-content\/uploads\/2021\/02\/SH_SewnLoopDmL-1-150x70.jpg","gt_translate_keys":["label"]}],"relations":false,"active":true,"tooltip":"A service of making the sewn loop at the end of the webbing.","layOut":"inline","disp_size_img":{"width":"140","height":""},"error":false,"cartLabel":"First end","gt_translate_keys":["label","description","tooltip"],"price_dependency":false,"cl_dependency":false,"value":""}],[{"type":"image-group","label":"T-loops","elementId":"wcpa-image-group-1612301504653","enablePrice":true,"priceOptions":"fixed_for_all","pricingType":"fixed","price":"90","is_show_price":false,"enable_popup":"no","name":"image-group-1612301504653","hideImageIn_cart":true,"hideImageIn_email":true,"disp_type":"squircle","img_selection_type":"outline","other_text":"Other","cl_rule":"show","col":6,"values":[{"label":"","price":"","image":"https:\/\/slackhouseshop.pl\/wp-content\/uploads\/2019\/10\/SH_T_loop_01m.jpg","image_id":"3572","thumb":"https:\/\/slackhouseshop.pl\/wp-content\/uploads\/2019\/10\/SH_T_loop_01m-150x65.jpg","value":"0","thumb_src":"https:\/\/slackhouseshop.pl\/wp-content\/uploads\/2019\/10\/SH_T_loop_01m-150x65.jpg","gt_translate_keys":["label"]}],"relations":false,"active":true,"tooltip":"","layOut":"","disp_size_img":{"width":"140","height":""},"cartLabel":"T-loops","error":false,"enable_quantity":true,"quantity_label":"Ilo\u015b\u0107","repeater":false,"repeater_field_label":"{field_label}","repeater_bind":"","min_quantity":"1","enableClearSelection":false,"show_selected_option":false,"option_price_format":"{price}","multiple":true,"gt_translate_keys":["label","tooltip","repeater_field_label","quantity_label"],"price_dependency":false,"cl_dependency":false,"value":""}],[{"type":"image-group","required":true,"label":"Sewn loops - second end","elementId":"wcpa-image-group-1578423304138","description":"","desc_type":true,"inline":true,"enablePrice":true,"priceOptions":"different_for_all","pricingType":"fixed","enable_popup":"no","name":"image-group-1578423304134","hideImageIn_cart":true,"hideImageIn_email":true,"disp_type":"squircle","img_selection_type":"outline","other_text":"Other","cl_rule":"show","col":6,"values":[{"label":"No loop","price":"0","image":"https:\/\/slackhouseshop.pl\/wp-content\/uploads\/2021\/02\/SH_NoLoopmR-1.jpg","image_id":"3590","thumb":"https:\/\/slackhouseshop.pl\/wp-content\/uploads\/2021\/02\/SH_NoLoopmR-1-150x70.jpg","selected":true,"value":"0","thumb_src":"https:\/\/slackhouseshop.pl\/wp-content\/uploads\/2021\/02\/SH_NoLoopmR-1-150x70.jpg","gt_translate_keys":["label"]},{"label":"Single loop","price":"50","image":"https:\/\/slackhouseshop.pl\/wp-content\/uploads\/2021\/02\/SH_SewnLoopSmR-1.jpg","image_id":"3598","thumb":"https:\/\/slackhouseshop.pl\/wp-content\/uploads\/2021\/02\/SH_SewnLoopSmR-1-150x70.jpg","value":"1","thumb_src":"https:\/\/slackhouseshop.pl\/wp-content\/uploads\/2021\/02\/SH_SewnLoopSmR-1-150x70.jpg","gt_translate_keys":["label"]},{"label":"Double loop","price":"90","image":"https:\/\/slackhouseshop.pl\/wp-content\/uploads\/2021\/02\/SH_SewnLoopDmR-1.jpg","image_id":"3594","thumb":"https:\/\/slackhouseshop.pl\/wp-content\/uploads\/2021\/02\/SH_SewnLoopDmR-1-150x70.jpg","value":"2","thumb_src":"https:\/\/slackhouseshop.pl\/wp-content\/uploads\/2021\/02\/SH_SewnLoopDmR-1-150x70.jpg","gt_translate_keys":["label"]}],"relations":false,"active":true,"tooltip":"","layOut":"inline","disp_size_img":{"width":"140","height":""},"error":false,"cartLabel":"Second end","gt_translate_keys":["label","description","tooltip"],"price_dependency":false,"cl_dependency":false,"value":""}]]}},"config":{"price_override":"","enable_recaptcha":false,"bind_quantity":false,"quantity_bind_formula":false,"disp_summ_show_option_price":"Potwierdzam zakup i p\u0142ac\u0119","disp_summ_show_product_price":"Potwierdzam zakup i p\u0142ac\u0119","disp_summ_show_total_price":"Potwierdzam zakup i p\u0142ac\u0119","disp_summ_show_fee":false,"disp_summ_show_discount":false,"summary_title":"","options_total_label":"Options Price","total_label":"Total","options_product_label":"Product Price","fee_label":"Op\u0142ata","discount_label":"Rabat","has_price":true,"has_quantity_formula":false},"mc_unit":0.25,"tax_rate":1,"tax_rate_real":0.23,"discount":{"percentage":0,"fixed":0},"design":{"conf":{"LabelPosition":"above","DescPosition":"above","UploadField":"custom_1","QuantityFieldStyle":"default"},"css":{"LeftLabelWidth":"120px"}},"formulas":[],"lookuptables":[],"clones":false,"cartKey":false}},"_links":{"self":[{"href":"https:\/\/slackhouseshop.pl\/en\/wp-json\/wp\/v2\/product\/1177","targetHints":{"allow":["GET"]}}],"collection":[{"href":"https:\/\/slackhouseshop.pl\/en\/wp-json\/wp\/v2\/product"}],"about":[{"href":"https:\/\/slackhouseshop.pl\/en\/wp-json\/wp\/v2\/types\/product"}],"replies":[{"embeddable":true,"href":"https:\/\/slackhouseshop.pl\/en\/wp-json\/wp\/v2\/comments?post=1177"}],"wp:featuredmedia":[{"embeddable":true,"href":"https:\/\/slackhouseshop.pl\/en\/wp-json\/wp\/v2\/media\/4987"}],"wp:attachment":[{"href":"https:\/\/slackhouseshop.pl\/en\/wp-json\/wp\/v2\/media?parent=1177"}],"wp:term":[{"taxonomy":"product_cat","embeddable":true,"href":"https:\/\/slackhouseshop.pl\/en\/wp-json\/wp\/v2\/product_cat?post=1177"},{"taxonomy":"product_tag","embeddable":true,"href":"https:\/\/slackhouseshop.pl\/en\/wp-json\/wp\/v2\/product_tag?post=1177"}],"curies":[{"name":"wp","href":"https:\/\/api.w.org\/{rel}","templated":true}]}}