{"id":1353,"date":"2018-03-20T16:37:28","date_gmt":"2018-03-20T16:37:28","guid":{"rendered":"http:\/\/slackhouseshop.pl\/?post_type=product&#038;p=1353\/"},"modified":"2026-02-17T09:03:12","modified_gmt":"2026-02-17T08:03:12","slug":"leash-smycza-330","status":"publish","type":"product","link":"https:\/\/slackhouseshop.pl\/en\/produkt\/leash-smycza-330\/","title":{"rendered":"Leash Smycza 330"},"content":{"rendered":"<p>Classic double-layer highline leash with the 9.2 dynamic rope core sleeved with a tubular webbing. Thick weaving helps provides good grip while climbing back on the line.<\/p>\n<p>Additional sleeve protects contact point with the rings.<\/p>\n<p>Each leash has a single black stripe for easier twist detection. You may find it useful for the freestyle \ud83d\ude09<\/p>\n<p>Leash available with or without two F Alu rings. When choosing the variant with rings, consider option with rings padding to increase safety for your body. The padding significantly reduce the risk of the painful hit from the rings during leashfall or freestyle.<\/p>\n<p>WARNING:<br \/>\nUsing this equipment requires proper knowledge and experience. We are no liable for any injury or death resulting from using this equipment.<\/p>\n","protected":false},"excerpt":{"rendered":"<p>Classic highline leash.<\/p>\n","protected":false},"featured_media":1738,"comment_status":"open","ping_status":"closed","template":"","meta":{"_acf_changed":false},"product_cat":[526],"product_tag":[],"class_list":{"0":"post-1353","1":"product","2":"type-product","3":"status-publish","4":"has-post-thumbnail","6":"product_cat-ropes-leashes","7":"wcpa_has_options","9":"first","10":"instock","11":"taxable","12":"shipping-taxable","13":"purchasable","14":"product-type-variable"},"acf":[],"yoast_head":"<!-- This site is optimized with the Yoast SEO plugin v26.6 - https:\/\/yoast.com\/wordpress\/plugins\/seo\/ -->\n<title>Smycza 330 - classic highline leash - Slackhouse Shop<\/title>\n<meta name=\"description\" content=\"Classic double-layer highline leash with 9.2 dynamic rope core sleeved with 18 mm tubular webbing. Thick weaving helps with good grip while climbing back on the line.\" \/>\n<meta name=\"robots\" content=\"index, follow, max-snippet:-1, max-image-preview:large, max-video-preview:-1\" \/>\n<link rel=\"canonical\" href=\"https:\/\/slackhouseshop.pl\/en\/produkt\/leash-smycza-330\/\" \/>\n<meta property=\"og:locale\" content=\"en_US\" \/>\n<meta property=\"og:type\" content=\"article\" \/>\n<meta property=\"og:title\" content=\"Smycza 330 - classic highline leash - Slackhouse Shop\" \/>\n<meta property=\"og:description\" content=\"Classic double-layer highline leash with 9.2 dynamic rope core sleeved with 18 mm tubular webbing. Thick weaving helps with good grip while climbing back on the line.\" \/>\n<meta property=\"og:url\" content=\"https:\/\/slackhouseshop.pl\/en\/produkt\/leash-smycza-330\/\" \/>\n<meta property=\"og:site_name\" content=\"Slackhouse Shop\" \/>\n<meta property=\"article:modified_time\" content=\"2026-02-17T08:03:12+00:00\" \/>\n<meta property=\"og:image\" content=\"https:\/\/slackhouseshop.pl\/wp-content\/uploads\/2019\/03\/SH_Smycza_SOL_01.jpg\" \/>\n\t<meta property=\"og:image:width\" content=\"1000\" \/>\n\t<meta property=\"og:image:height\" content=\"1000\" \/>\n\t<meta property=\"og:image:type\" content=\"image\/jpeg\" \/>\n<meta name=\"twitter:card\" content=\"summary_large_image\" \/>\n<meta name=\"twitter:label1\" content=\"Est. reading time\" \/>\n\t<meta name=\"twitter:data1\" content=\"1 minute\" \/>\n<script type=\"application\/ld+json\" class=\"yoast-schema-graph\">{\"@context\":\"https:\/\/schema.org\",\"@graph\":[{\"@type\":\"WebPage\",\"@id\":\"https:\/\/slackhouseshop.pl\/en\/produkt\/leash-smycza-330\/\",\"url\":\"https:\/\/slackhouseshop.pl\/en\/produkt\/leash-smycza-330\/\",\"name\":\"Smycza 330 - classic highline leash - Slackhouse Shop\",\"isPartOf\":{\"@id\":\"https:\/\/slackhouseshop.pl\/en\/#website\"},\"primaryImageOfPage\":{\"@id\":\"https:\/\/slackhouseshop.pl\/en\/produkt\/leash-smycza-330\/#primaryimage\"},\"image\":{\"@id\":\"https:\/\/slackhouseshop.pl\/en\/produkt\/leash-smycza-330\/#primaryimage\"},\"thumbnailUrl\":\"https:\/\/slackhouseshop.pl\/wp-content\/uploads\/2019\/03\/SH_Smycza_SOL_01.jpg\",\"datePublished\":\"2018-03-20T16:37:28+00:00\",\"dateModified\":\"2026-02-17T08:03:12+00:00\",\"description\":\"Classic double-layer highline leash with 9.2 dynamic rope core sleeved with 18 mm tubular webbing. Thick weaving helps with good grip while climbing back on the line.\",\"breadcrumb\":{\"@id\":\"https:\/\/slackhouseshop.pl\/en\/produkt\/leash-smycza-330\/#breadcrumb\"},\"inLanguage\":\"en-US\",\"potentialAction\":[{\"@type\":\"ReadAction\",\"target\":[\"https:\/\/slackhouseshop.pl\/en\/produkt\/leash-smycza-330\/\"]}]},{\"@type\":\"ImageObject\",\"inLanguage\":\"en-US\",\"@id\":\"https:\/\/slackhouseshop.pl\/en\/produkt\/leash-smycza-330\/#primaryimage\",\"url\":\"https:\/\/slackhouseshop.pl\/wp-content\/uploads\/2019\/03\/SH_Smycza_SOL_01.jpg\",\"contentUrl\":\"https:\/\/slackhouseshop.pl\/wp-content\/uploads\/2019\/03\/SH_Smycza_SOL_01.jpg\",\"width\":1000,\"height\":1000,\"caption\":\"Slackhouse Smycza SOL leash\"},{\"@type\":\"BreadcrumbList\",\"@id\":\"https:\/\/slackhouseshop.pl\/en\/produkt\/leash-smycza-330\/#breadcrumb\",\"itemListElement\":[{\"@type\":\"ListItem\",\"position\":1,\"name\":\"Strona g\u0142\u00f3wna\",\"item\":\"https:\/\/slackhouseshop.pl\/en\/\"},{\"@type\":\"ListItem\",\"position\":2,\"name\":\"Shop\",\"item\":\"https:\/\/slackhouseshop.pl\/en\/shop\/\"},{\"@type\":\"ListItem\",\"position\":3,\"name\":\"Leash Smycza 330\"}]},{\"@type\":\"WebSite\",\"@id\":\"https:\/\/slackhouseshop.pl\/en\/#website\",\"url\":\"https:\/\/slackhouseshop.pl\/en\/\",\"name\":\"Slackhouse Shop\",\"description\":\"Dev\",\"potentialAction\":[{\"@type\":\"SearchAction\",\"target\":{\"@type\":\"EntryPoint\",\"urlTemplate\":\"https:\/\/slackhouseshop.pl\/en\/?s={search_term_string}\"},\"query-input\":{\"@type\":\"PropertyValueSpecification\",\"valueRequired\":true,\"valueName\":\"search_term_string\"}}],\"inLanguage\":\"en-US\"}]}<\/script>\n<!-- \/ Yoast SEO plugin. -->","yoast_head_json":{"title":"Smycza 330 - classic highline leash - Slackhouse Shop","description":"Classic double-layer highline leash with 9.2 dynamic rope core sleeved with 18 mm tubular webbing. Thick weaving helps with good grip while climbing back on the line.","robots":{"index":"index","follow":"follow","max-snippet":"max-snippet:-1","max-image-preview":"max-image-preview:large","max-video-preview":"max-video-preview:-1"},"canonical":"https:\/\/slackhouseshop.pl\/en\/produkt\/leash-smycza-330\/","og_locale":"en_US","og_type":"article","og_title":"Smycza 330 - classic highline leash - Slackhouse Shop","og_description":"Classic double-layer highline leash with 9.2 dynamic rope core sleeved with 18 mm tubular webbing. Thick weaving helps with good grip while climbing back on the line.","og_url":"https:\/\/slackhouseshop.pl\/en\/produkt\/leash-smycza-330\/","og_site_name":"Slackhouse Shop","article_modified_time":"2026-02-17T08:03:12+00:00","og_image":[{"width":1000,"height":1000,"url":"https:\/\/slackhouseshop.pl\/wp-content\/uploads\/2019\/03\/SH_Smycza_SOL_01.jpg","type":"image\/jpeg"}],"twitter_card":"summary_large_image","twitter_misc":{"Est. reading time":"1 minute"},"schema":{"@context":"https:\/\/schema.org","@graph":[{"@type":"WebPage","@id":"https:\/\/slackhouseshop.pl\/en\/produkt\/leash-smycza-330\/","url":"https:\/\/slackhouseshop.pl\/en\/produkt\/leash-smycza-330\/","name":"Smycza 330 - classic highline leash - Slackhouse Shop","isPartOf":{"@id":"https:\/\/slackhouseshop.pl\/en\/#website"},"primaryImageOfPage":{"@id":"https:\/\/slackhouseshop.pl\/en\/produkt\/leash-smycza-330\/#primaryimage"},"image":{"@id":"https:\/\/slackhouseshop.pl\/en\/produkt\/leash-smycza-330\/#primaryimage"},"thumbnailUrl":"https:\/\/slackhouseshop.pl\/wp-content\/uploads\/2019\/03\/SH_Smycza_SOL_01.jpg","datePublished":"2018-03-20T16:37:28+00:00","dateModified":"2026-02-17T08:03:12+00:00","description":"Classic double-layer highline leash with 9.2 dynamic rope core sleeved with 18 mm tubular webbing. Thick weaving helps with good grip while climbing back on the line.","breadcrumb":{"@id":"https:\/\/slackhouseshop.pl\/en\/produkt\/leash-smycza-330\/#breadcrumb"},"inLanguage":"en-US","potentialAction":[{"@type":"ReadAction","target":["https:\/\/slackhouseshop.pl\/en\/produkt\/leash-smycza-330\/"]}]},{"@type":"ImageObject","inLanguage":"en-US","@id":"https:\/\/slackhouseshop.pl\/en\/produkt\/leash-smycza-330\/#primaryimage","url":"https:\/\/slackhouseshop.pl\/wp-content\/uploads\/2019\/03\/SH_Smycza_SOL_01.jpg","contentUrl":"https:\/\/slackhouseshop.pl\/wp-content\/uploads\/2019\/03\/SH_Smycza_SOL_01.jpg","width":1000,"height":1000,"caption":"Slackhouse Smycza SOL leash"},{"@type":"BreadcrumbList","@id":"https:\/\/slackhouseshop.pl\/en\/produkt\/leash-smycza-330\/#breadcrumb","itemListElement":[{"@type":"ListItem","position":1,"name":"Strona g\u0142\u00f3wna","item":"https:\/\/slackhouseshop.pl\/en\/"},{"@type":"ListItem","position":2,"name":"Shop","item":"https:\/\/slackhouseshop.pl\/en\/shop\/"},{"@type":"ListItem","position":3,"name":"Leash Smycza 330"}]},{"@type":"WebSite","@id":"https:\/\/slackhouseshop.pl\/en\/#website","url":"https:\/\/slackhouseshop.pl\/en\/","name":"Slackhouse Shop","description":"Dev","potentialAction":[{"@type":"SearchAction","target":{"@type":"EntryPoint","urlTemplate":"https:\/\/slackhouseshop.pl\/en\/?s={search_term_string}"},"query-input":{"@type":"PropertyValueSpecification","valueRequired":true,"valueName":"search_term_string"}}],"inLanguage":"en-US"}]}},"wcpa_form_fields":{"wcpaData":{"product":{"product_price":32.5,"price_html":"<span class=\"woocommerce-Price-amount amount\"><bdi><span class=\"woocommerce-Price-currencySymbol\">&euro;<\/span>32.50<\/bdi><\/span>","original_product_price":32.5,"price_including_tax":32.5,"price_excluding_tax":26.422764,"product_id":{"parent":1353,"variation":false},"is_variable":true,"stock_status":"instock","stock_quantity":null,"parent_sku":"SH-SMYCZA-330","product_attributes":{"pa_producent":{"is_variation":false,"values":["slackhouse-en"]},"dlugosc":{"is_variation":false,"values":["330 cm"]},"srednica":{"is_variation":false,"values":["12 mm"]},"lina-wew":{"is_variation":false,"values":["Tendon Master Pro 9,2mm"]},"lina-wew-liczba-odpadniec-uiaa":{"is_variation":false,"values":["9"]},"lina-wew-material":{"is_variation":false,"values":["Polyamide"]},"rekaw-zew":{"is_variation":false,"values":["Slackhouse T.18.26.PA"]},"rekaw-zew-wytrzymalosc":{"is_variation":false,"values":["15 kN"]},"rekaw-zew-material":{"is_variation":false,"values":["Polyamide"]},"pa_waga":{"is_variation":false,"values":["330-g-wo-rings"]},"pa_kraj-produkcji":{"is_variation":false,"values":["poland"]},"kolor":{"is_variation":true,"values":[]}},"custom_fields":[],"is_taxable":true,"product_name":"Leash Smycza 330","hasImage":false},"fields":{"sec_367b44b46e1cd6":{"extra":{"key":"sec_367b44b46e1cd6","section_id":"sec_367b44b46e1cd6","name":"Default","status":1,"cl_rule":"show","enableCl":false,"relations":[],"toggle":true,"title_tag":"h3","show_title":false,"showPrice":"default","form_id":2390,"form_rules":{"exclude_from_discount":false,"fee_label":"Op\u0142ata","disp_hide_options_price":false,"disp_show_section_price":false,"disp_show_field_price":false,"layout_option":"standard","pric_use_as_fee":false,"process_fee_as":"woo_fee"},"layout_option":"standard"},"fields":[[{"type":"radio-group","required":true,"elementId":"wcpa-radio-group-1584973806436","label":"Rings","enablePrice":true,"priceOptions":"different_for_all","pricingType":"fixed","name":"radio-group-1584973806436","other_text":"Other","cl_rule":"show","col":6,"values":[{"label":"No rings","value":"bez-ringow","price":"0","pimage":"","pimage_id":"","pthumb":"","selected":true,"tempId":"aco_10","gt_translate_keys":["label"]},{"label":"+ 2 x Ring F Alu","value":"2ringi-alu","price":"73,6","pimage":"","pimage_id":"","pthumb":"","tempId":"aco_12","gt_translate_keys":["label"]},{"label":"+ 2 x Ring F Alu w\/ padding","value":"2ringi-alu-oslonka","price":"153,6","pimage":"","pimage_id":"","pthumb":"","tempId":"aco_13","gt_translate_keys":["label"]}],"relations":false,"active":true,"tooltip":"","layOut":"","checkUi":"","error":false,"isWeightTemplate":false,"isTemplate":false,"min_quantity":"1","quantity_decimal":false,"quantity_step":"1","quantity_label":"Quantity","repeater_field_label":"{field_label}","repeater_bind":"","gt_translate_keys":["label","tooltip","repeater_field_label","quantity_label"],"price_dependency":false,"cl_dependency":false,"value":""}]]}},"config":{"price_override":"","enable_recaptcha":false,"bind_quantity":false,"quantity_bind_formula":false,"disp_summ_show_option_price":"Potwierdzam zakup i p\u0142ac\u0119","disp_summ_show_product_price":"Potwierdzam zakup i p\u0142ac\u0119","disp_summ_show_total_price":"Potwierdzam zakup i p\u0142ac\u0119","disp_summ_show_fee":false,"disp_summ_show_discount":false,"summary_title":"","options_total_label":"Options Price","total_label":"Total","options_product_label":"Product Price","fee_label":"Op\u0142ata","discount_label":"Rabat","has_price":true,"has_quantity_formula":false},"mc_unit":0.25,"tax_rate":1,"tax_rate_real":0.23,"discount":{"percentage":0,"fixed":0},"design":{"conf":{"LabelPosition":"above","DescPosition":"above","UploadField":"custom_1","QuantityFieldStyle":"default"},"css":{"LeftLabelWidth":"120px"}},"formulas":[],"lookuptables":[],"clones":false,"cartKey":false}},"_links":{"self":[{"href":"https:\/\/slackhouseshop.pl\/en\/wp-json\/wp\/v2\/product\/1353","targetHints":{"allow":["GET"]}}],"collection":[{"href":"https:\/\/slackhouseshop.pl\/en\/wp-json\/wp\/v2\/product"}],"about":[{"href":"https:\/\/slackhouseshop.pl\/en\/wp-json\/wp\/v2\/types\/product"}],"replies":[{"embeddable":true,"href":"https:\/\/slackhouseshop.pl\/en\/wp-json\/wp\/v2\/comments?post=1353"}],"wp:featuredmedia":[{"embeddable":true,"href":"https:\/\/slackhouseshop.pl\/en\/wp-json\/wp\/v2\/media\/1738"}],"wp:attachment":[{"href":"https:\/\/slackhouseshop.pl\/en\/wp-json\/wp\/v2\/media?parent=1353"}],"wp:term":[{"taxonomy":"product_cat","embeddable":true,"href":"https:\/\/slackhouseshop.pl\/en\/wp-json\/wp\/v2\/product_cat?post=1353"},{"taxonomy":"product_tag","embeddable":true,"href":"https:\/\/slackhouseshop.pl\/en\/wp-json\/wp\/v2\/product_tag?post=1353"}],"curies":[{"name":"wp","href":"https:\/\/api.w.org\/{rel}","templated":true}]}}