{"id":3385,"date":"2020-12-25T01:13:35","date_gmt":"2020-12-25T00:13:35","guid":{"rendered":"https:\/\/slackhouseshop.pl\/?post_type=product&#038;p=3385"},"modified":"2026-03-22T16:19:04","modified_gmt":"2026-03-22T15:19:04","slug":"rubbit-webbing","status":"publish","type":"product","link":"https:\/\/slackhouseshop.pl\/en\/produkt\/rubbit-webbing\/","title":{"rendered":"Rubbit"},"content":{"rendered":"<p>Rubbit is a modern-classic, high-stretch nylon tubular webbing created for crazy freestyle.<\/p>\n<p>Its deep bounce has no end and will give you back all the energy you put in it. This means more time for the most crazy combos!<\/p>\n<p>Rounded, pillowed edges makes it super nice to catch &#8211; your hands will appreciate it!<\/p>\n<p>The dense weave provides very good grip for your feet while jumping around. It also makes the webbing more abrasion resistance.<\/p>\n<p>To get the most fun out of the Rubbit we recommend the lines at least 60 m long.<\/p>\n<p>If you are interested in creating a freestyle set, check out our special X-Type configurator, where you can select the required parameters: length, backup webbing, sewn loops, etc.<\/p>\n<p><a href=\"https:\/\/slackhouseshop.pl\/en\/produkt\/rubbit-x-type-configurator\/\"><img loading=\"lazy\" decoding=\"async\" class=\"size-medium wp-image-7029 aligncenter\" style=\"border: 2px solid #b615c1;\" src=\"https:\/\/slackhouseshop.pl\/wp-content\/uploads\/2024\/12\/Tiger-configurator_m-300x171.png\" alt=\"\" width=\"300\" height=\"171\" srcset=\"https:\/\/slackhouseshop.pl\/wp-content\/uploads\/2024\/12\/Tiger-configurator_m-300x171.png 300w, https:\/\/slackhouseshop.pl\/wp-content\/uploads\/2024\/12\/Tiger-configurator_m-416x236.png 416w, https:\/\/slackhouseshop.pl\/wp-content\/uploads\/2024\/12\/Tiger-configurator_m.png 533w\" sizes=\"auto, (max-width: 300px) 100vw, 300px\" \/><\/a><\/p>\n","protected":false},"excerpt":{"rendered":"<p>Advanced nylon freestyle webbing.<\/p>\n","protected":false},"featured_media":3432,"comment_status":"open","ping_status":"closed","template":"","meta":{"_acf_changed":false},"product_cat":[136],"product_tag":[],"class_list":{"0":"post-3385","1":"product","2":"type-product","3":"status-publish","4":"has-post-thumbnail","6":"product_cat-webbings","7":"wcpa_has_options","9":"first","10":"instock","11":"taxable","12":"shipping-taxable","13":"purchasable","14":"product-type-variable","15":"has-default-attributes"},"acf":[],"yoast_head":"<!-- This site is optimized with the Yoast SEO plugin v26.6 - https:\/\/yoast.com\/wordpress\/plugins\/seo\/ -->\n<title>Rubbit freestyle nylon webbing - Slackhouse Shop<\/title>\n<meta name=\"description\" content=\"Technically advanced nylon slackline webbing for freestyle riders. Epic dynamics for the thickest tricks.\" \/>\n<meta name=\"robots\" content=\"index, follow, max-snippet:-1, max-image-preview:large, max-video-preview:-1\" \/>\n<link rel=\"canonical\" href=\"https:\/\/slackhouseshop.pl\/en\/produkt\/rubbit-webbing\/\" \/>\n<meta property=\"og:locale\" content=\"en_US\" \/>\n<meta property=\"og:type\" content=\"article\" \/>\n<meta property=\"og:title\" content=\"Rubbit freestyle nylon webbing - Slackhouse Shop\" \/>\n<meta property=\"og:description\" content=\"Technically advanced nylon slackline webbing for freestyle riders. Epic dynamics for the thickest tricks.\" \/>\n<meta property=\"og:url\" content=\"https:\/\/slackhouseshop.pl\/en\/produkt\/rubbit-webbing\/\" \/>\n<meta property=\"og:site_name\" content=\"Slackhouse Shop\" \/>\n<meta property=\"article:modified_time\" content=\"2026-03-22T15:19:04+00:00\" \/>\n<meta property=\"og:image\" content=\"https:\/\/slackhouseshop.pl\/wp-content\/uploads\/2020\/12\/SH_Rubbit_01-2.jpg\" \/>\n\t<meta property=\"og:image:width\" content=\"1000\" \/>\n\t<meta property=\"og:image:height\" content=\"1000\" \/>\n\t<meta property=\"og:image:type\" content=\"image\/jpeg\" \/>\n<meta name=\"twitter:card\" content=\"summary_large_image\" \/>\n<meta name=\"twitter:label1\" content=\"Est. reading time\" \/>\n\t<meta name=\"twitter:data1\" content=\"1 minute\" \/>\n<script type=\"application\/ld+json\" class=\"yoast-schema-graph\">{\"@context\":\"https:\/\/schema.org\",\"@graph\":[{\"@type\":\"WebPage\",\"@id\":\"https:\/\/slackhouseshop.pl\/en\/produkt\/rubbit-webbing\/\",\"url\":\"https:\/\/slackhouseshop.pl\/en\/produkt\/rubbit-webbing\/\",\"name\":\"Rubbit freestyle nylon webbing - Slackhouse Shop\",\"isPartOf\":{\"@id\":\"https:\/\/slackhouseshop.pl\/en\/#website\"},\"primaryImageOfPage\":{\"@id\":\"https:\/\/slackhouseshop.pl\/en\/produkt\/rubbit-webbing\/#primaryimage\"},\"image\":{\"@id\":\"https:\/\/slackhouseshop.pl\/en\/produkt\/rubbit-webbing\/#primaryimage\"},\"thumbnailUrl\":\"https:\/\/slackhouseshop.pl\/wp-content\/uploads\/2020\/12\/SH_Rubbit_01-2.jpg\",\"datePublished\":\"2020-12-25T00:13:35+00:00\",\"dateModified\":\"2026-03-22T15:19:04+00:00\",\"description\":\"Technically advanced nylon slackline webbing for freestyle riders. Epic dynamics for the thickest tricks.\",\"breadcrumb\":{\"@id\":\"https:\/\/slackhouseshop.pl\/en\/produkt\/rubbit-webbing\/#breadcrumb\"},\"inLanguage\":\"en-US\",\"potentialAction\":[{\"@type\":\"ReadAction\",\"target\":[\"https:\/\/slackhouseshop.pl\/en\/produkt\/rubbit-webbing\/\"]}]},{\"@type\":\"ImageObject\",\"inLanguage\":\"en-US\",\"@id\":\"https:\/\/slackhouseshop.pl\/en\/produkt\/rubbit-webbing\/#primaryimage\",\"url\":\"https:\/\/slackhouseshop.pl\/wp-content\/uploads\/2020\/12\/SH_Rubbit_01-2.jpg\",\"contentUrl\":\"https:\/\/slackhouseshop.pl\/wp-content\/uploads\/2020\/12\/SH_Rubbit_01-2.jpg\",\"width\":1000,\"height\":1000,\"caption\":\"Slackhouse Rubbit freestyle webbing\"},{\"@type\":\"BreadcrumbList\",\"@id\":\"https:\/\/slackhouseshop.pl\/en\/produkt\/rubbit-webbing\/#breadcrumb\",\"itemListElement\":[{\"@type\":\"ListItem\",\"position\":1,\"name\":\"Strona g\u0142\u00f3wna\",\"item\":\"https:\/\/slackhouseshop.pl\/en\/\"},{\"@type\":\"ListItem\",\"position\":2,\"name\":\"Shop\",\"item\":\"https:\/\/slackhouseshop.pl\/en\/shop\/\"},{\"@type\":\"ListItem\",\"position\":3,\"name\":\"Rubbit\"}]},{\"@type\":\"WebSite\",\"@id\":\"https:\/\/slackhouseshop.pl\/en\/#website\",\"url\":\"https:\/\/slackhouseshop.pl\/en\/\",\"name\":\"Slackhouse Shop\",\"description\":\"Dev\",\"potentialAction\":[{\"@type\":\"SearchAction\",\"target\":{\"@type\":\"EntryPoint\",\"urlTemplate\":\"https:\/\/slackhouseshop.pl\/en\/?s={search_term_string}\"},\"query-input\":{\"@type\":\"PropertyValueSpecification\",\"valueRequired\":true,\"valueName\":\"search_term_string\"}}],\"inLanguage\":\"en-US\"}]}<\/script>\n<!-- \/ Yoast SEO plugin. -->","yoast_head_json":{"title":"Rubbit freestyle nylon webbing - Slackhouse Shop","description":"Technically advanced nylon slackline webbing for freestyle riders. Epic dynamics for the thickest tricks.","robots":{"index":"index","follow":"follow","max-snippet":"max-snippet:-1","max-image-preview":"max-image-preview:large","max-video-preview":"max-video-preview:-1"},"canonical":"https:\/\/slackhouseshop.pl\/en\/produkt\/rubbit-webbing\/","og_locale":"en_US","og_type":"article","og_title":"Rubbit freestyle nylon webbing - Slackhouse Shop","og_description":"Technically advanced nylon slackline webbing for freestyle riders. Epic dynamics for the thickest tricks.","og_url":"https:\/\/slackhouseshop.pl\/en\/produkt\/rubbit-webbing\/","og_site_name":"Slackhouse Shop","article_modified_time":"2026-03-22T15:19:04+00:00","og_image":[{"width":1000,"height":1000,"url":"https:\/\/slackhouseshop.pl\/wp-content\/uploads\/2020\/12\/SH_Rubbit_01-2.jpg","type":"image\/jpeg"}],"twitter_card":"summary_large_image","twitter_misc":{"Est. reading time":"1 minute"},"schema":{"@context":"https:\/\/schema.org","@graph":[{"@type":"WebPage","@id":"https:\/\/slackhouseshop.pl\/en\/produkt\/rubbit-webbing\/","url":"https:\/\/slackhouseshop.pl\/en\/produkt\/rubbit-webbing\/","name":"Rubbit freestyle nylon webbing - Slackhouse Shop","isPartOf":{"@id":"https:\/\/slackhouseshop.pl\/en\/#website"},"primaryImageOfPage":{"@id":"https:\/\/slackhouseshop.pl\/en\/produkt\/rubbit-webbing\/#primaryimage"},"image":{"@id":"https:\/\/slackhouseshop.pl\/en\/produkt\/rubbit-webbing\/#primaryimage"},"thumbnailUrl":"https:\/\/slackhouseshop.pl\/wp-content\/uploads\/2020\/12\/SH_Rubbit_01-2.jpg","datePublished":"2020-12-25T00:13:35+00:00","dateModified":"2026-03-22T15:19:04+00:00","description":"Technically advanced nylon slackline webbing for freestyle riders. Epic dynamics for the thickest tricks.","breadcrumb":{"@id":"https:\/\/slackhouseshop.pl\/en\/produkt\/rubbit-webbing\/#breadcrumb"},"inLanguage":"en-US","potentialAction":[{"@type":"ReadAction","target":["https:\/\/slackhouseshop.pl\/en\/produkt\/rubbit-webbing\/"]}]},{"@type":"ImageObject","inLanguage":"en-US","@id":"https:\/\/slackhouseshop.pl\/en\/produkt\/rubbit-webbing\/#primaryimage","url":"https:\/\/slackhouseshop.pl\/wp-content\/uploads\/2020\/12\/SH_Rubbit_01-2.jpg","contentUrl":"https:\/\/slackhouseshop.pl\/wp-content\/uploads\/2020\/12\/SH_Rubbit_01-2.jpg","width":1000,"height":1000,"caption":"Slackhouse Rubbit freestyle webbing"},{"@type":"BreadcrumbList","@id":"https:\/\/slackhouseshop.pl\/en\/produkt\/rubbit-webbing\/#breadcrumb","itemListElement":[{"@type":"ListItem","position":1,"name":"Strona g\u0142\u00f3wna","item":"https:\/\/slackhouseshop.pl\/en\/"},{"@type":"ListItem","position":2,"name":"Shop","item":"https:\/\/slackhouseshop.pl\/en\/shop\/"},{"@type":"ListItem","position":3,"name":"Rubbit"}]},{"@type":"WebSite","@id":"https:\/\/slackhouseshop.pl\/en\/#website","url":"https:\/\/slackhouseshop.pl\/en\/","name":"Slackhouse Shop","description":"Dev","potentialAction":[{"@type":"SearchAction","target":{"@type":"EntryPoint","urlTemplate":"https:\/\/slackhouseshop.pl\/en\/?s={search_term_string}"},"query-input":{"@type":"PropertyValueSpecification","valueRequired":true,"valueName":"search_term_string"}}],"inLanguage":"en-US"}]}},"wcpa_form_fields":{"wcpaData":{"product":{"product_price":2.4,"price_html":"<span class=\"woocommerce-Price-amount amount\"><bdi><span class=\"woocommerce-Price-currencySymbol\">&euro;<\/span>2.40<\/bdi><\/span> &ndash; <span class=\"woocommerce-Price-amount amount\"><bdi><span class=\"woocommerce-Price-currencySymbol\">&euro;<\/span>240.00<\/bdi><\/span>","original_product_price":2.4,"price_including_tax":2.4,"price_excluding_tax":1.95122,"product_id":{"parent":3385,"variation":false},"is_variable":true,"stock_status":"instock","stock_quantity":null,"parent_sku":"RUBBIT","product_attributes":{"pa_producent":{"is_variation":false,"values":["slackhouse-en"]},"pa_material":{"is_variation":false,"values":["polyamide-nylon"]},"pa_splot":{"is_variation":false,"values":["tubular"]},"pa_wytrzymalosc":{"is_variation":false,"values":["24-kn-en"]},"pa_dopuszczalne-obciazenie":{"is_variation":false,"values":["6-kn-en"]},"wytrzymalosc-zaszycia":{"is_variation":false,"values":["22,4 kN"]},"wytrzymalosc-t-loop":{"is_variation":false,"values":["19,5 kN"]},"pa_waga":{"is_variation":false,"values":["611-gm-en"]},"pa_szerokosc":{"is_variation":false,"values":["26-mm-en"]},"pa_grubosc":{"is_variation":false,"values":["335-mm-en"]},"pa_wydluzenie":{"is_variation":false,"values":["123-5-kn-en","177-10-kn-en"]},"dlugosc-backupu":{"is_variation":false,"values":["15 - 20%"]},"pa_kraj-produkcji":{"is_variation":false,"values":["poland"]},"pa_odcinki":{"is_variation":true,"values":[]},"wersja":{"is_variation":false,"values":["MK II"]}},"custom_fields":[],"is_taxable":true,"product_name":"Rubbit","hasImage":false},"fields":{"sec_96735c5ad05679":{"extra":{"key":"sec_96735c5ad05679","section_id":"sec_96735c5ad05679","name":"Default","status":1,"cl_rule":"show","enableCl":false,"relations":[],"toggle":true,"title_tag":"h3","show_title":false,"showPrice":"default","form_id":3603,"form_rules":{"exclude_from_discount":false,"fee_label":"Op\u0142ata","disp_hide_options_price":false,"disp_show_section_price":false,"disp_show_field_price":false,"layout_option":"standard","pric_use_as_fee":false,"process_fee_as":"woo_fee"},"layout_option":"standard"},"fields":[[{"type":"image-group","required":true,"label":"Sewn loops - first end","elementId":"wcpa-image-group-1578412751582","description":"","desc_type":true,"inline":true,"enablePrice":true,"priceOptions":"different_for_all","pricingType":"fixed","enable_popup":"no","name":"image-group-1578412751582","hideImageIn_cart":true,"hideImageIn_email":true,"disp_type":"squircle","img_selection_type":"outline","other_text":"Other","cl_rule":"show","col":6,"values":[{"label":"No loop","price":"0","image":"https:\/\/slackhouseshop.pl\/wp-content\/uploads\/2021\/02\/SH_NoLoopmL-1.jpg","image_id":"3588","thumb":"https:\/\/slackhouseshop.pl\/wp-content\/uploads\/2021\/02\/SH_NoLoopmL-1-150x70.jpg","selected":true,"value":"0","thumb_src":"https:\/\/slackhouseshop.pl\/wp-content\/uploads\/2021\/02\/SH_NoLoopmL-1-150x70.jpg","gt_translate_keys":["label"]},{"label":"Single loop","price":"50","image":"https:\/\/slackhouseshop.pl\/wp-content\/uploads\/2021\/02\/SH_SewnLoopSmL-1.jpg","image_id":"3596","thumb":"https:\/\/slackhouseshop.pl\/wp-content\/uploads\/2021\/02\/SH_SewnLoopSmL-1-150x70.jpg","value":"1","thumb_src":"https:\/\/slackhouseshop.pl\/wp-content\/uploads\/2021\/02\/SH_SewnLoopSmL-1-150x70.jpg","gt_translate_keys":["label"]},{"label":"Double loop","price":"90","image":"https:\/\/slackhouseshop.pl\/wp-content\/uploads\/2021\/02\/SH_SewnLoopDmL-1.jpg","image_id":"3592","thumb":"https:\/\/slackhouseshop.pl\/wp-content\/uploads\/2021\/02\/SH_SewnLoopDmL-1-150x70.jpg","value":"2","thumb_src":"https:\/\/slackhouseshop.pl\/wp-content\/uploads\/2021\/02\/SH_SewnLoopDmL-1-150x70.jpg","gt_translate_keys":["label"]}],"relations":false,"active":true,"tooltip":"A service of making the sewn loop at the end of the webbing.","layOut":"inline","disp_size_img":{"width":"140","height":""},"error":false,"cartLabel":"First end","gt_translate_keys":["label","description","tooltip"],"price_dependency":false,"cl_dependency":false,"value":""}],[{"type":"image-group","label":"T-loops","elementId":"wcpa-image-group-1612301504653","enablePrice":true,"priceOptions":"fixed_for_all","pricingType":"fixed","price":"90","is_show_price":false,"enable_popup":"no","name":"image-group-1612301504653","hideImageIn_cart":true,"hideImageIn_email":true,"disp_type":"squircle","img_selection_type":"outline","other_text":"Other","cl_rule":"show","col":6,"values":[{"label":"","price":"","image":"https:\/\/slackhouseshop.pl\/wp-content\/uploads\/2019\/10\/SH_T_loop_01m.jpg","image_id":"3572","thumb":"https:\/\/slackhouseshop.pl\/wp-content\/uploads\/2019\/10\/SH_T_loop_01m-150x65.jpg","value":"0","thumb_src":"https:\/\/slackhouseshop.pl\/wp-content\/uploads\/2019\/10\/SH_T_loop_01m-150x65.jpg","gt_translate_keys":["label"]}],"relations":false,"active":true,"tooltip":"","layOut":"","disp_size_img":{"width":"140","height":""},"cartLabel":"T-loops","error":false,"enable_quantity":true,"quantity_label":"Ilo\u015b\u0107","repeater":false,"repeater_field_label":"{field_label}","repeater_bind":"","min_quantity":"1","enableClearSelection":false,"show_selected_option":false,"option_price_format":"{price}","multiple":true,"gt_translate_keys":["label","tooltip","repeater_field_label","quantity_label"],"price_dependency":false,"cl_dependency":false,"value":""}],[{"type":"image-group","required":true,"label":"Sewn loops - second end","elementId":"wcpa-image-group-1578423304138","description":"","desc_type":true,"inline":true,"enablePrice":true,"priceOptions":"different_for_all","pricingType":"fixed","enable_popup":"no","name":"image-group-1578423304134","hideImageIn_cart":true,"hideImageIn_email":true,"disp_type":"squircle","img_selection_type":"outline","other_text":"Other","cl_rule":"show","col":6,"values":[{"label":"No loop","price":"0","image":"https:\/\/slackhouseshop.pl\/wp-content\/uploads\/2021\/02\/SH_NoLoopmR-1.jpg","image_id":"3590","thumb":"https:\/\/slackhouseshop.pl\/wp-content\/uploads\/2021\/02\/SH_NoLoopmR-1-150x70.jpg","selected":true,"value":"0","thumb_src":"https:\/\/slackhouseshop.pl\/wp-content\/uploads\/2021\/02\/SH_NoLoopmR-1-150x70.jpg","gt_translate_keys":["label"]},{"label":"Single loop","price":"50","image":"https:\/\/slackhouseshop.pl\/wp-content\/uploads\/2021\/02\/SH_SewnLoopSmR-1.jpg","image_id":"3598","thumb":"https:\/\/slackhouseshop.pl\/wp-content\/uploads\/2021\/02\/SH_SewnLoopSmR-1-150x70.jpg","value":"1","thumb_src":"https:\/\/slackhouseshop.pl\/wp-content\/uploads\/2021\/02\/SH_SewnLoopSmR-1-150x70.jpg","gt_translate_keys":["label"]},{"label":"Double loop","price":"90","image":"https:\/\/slackhouseshop.pl\/wp-content\/uploads\/2021\/02\/SH_SewnLoopDmR-1.jpg","image_id":"3594","thumb":"https:\/\/slackhouseshop.pl\/wp-content\/uploads\/2021\/02\/SH_SewnLoopDmR-1-150x70.jpg","value":"2","thumb_src":"https:\/\/slackhouseshop.pl\/wp-content\/uploads\/2021\/02\/SH_SewnLoopDmR-1-150x70.jpg","gt_translate_keys":["label"]}],"relations":false,"active":true,"tooltip":"","layOut":"inline","disp_size_img":{"width":"140","height":""},"error":false,"cartLabel":"Second end","gt_translate_keys":["label","description","tooltip"],"price_dependency":false,"cl_dependency":false,"value":""}]]}},"config":{"price_override":"","enable_recaptcha":false,"bind_quantity":false,"quantity_bind_formula":false,"disp_summ_show_option_price":"Potwierdzam zakup i p\u0142ac\u0119","disp_summ_show_product_price":"Potwierdzam zakup i p\u0142ac\u0119","disp_summ_show_total_price":"Potwierdzam zakup i p\u0142ac\u0119","disp_summ_show_fee":false,"disp_summ_show_discount":false,"summary_title":"","options_total_label":"Options Price","total_label":"Total","options_product_label":"Product Price","fee_label":"Op\u0142ata","discount_label":"Rabat","has_price":true,"has_quantity_formula":false},"mc_unit":0.25,"tax_rate":1,"tax_rate_real":0.23,"discount":{"percentage":0,"fixed":0},"design":{"conf":{"LabelPosition":"above","DescPosition":"above","UploadField":"custom_1","QuantityFieldStyle":"default"},"css":{"LeftLabelWidth":"120px"}},"formulas":[],"lookuptables":[],"clones":false,"cartKey":false}},"_links":{"self":[{"href":"https:\/\/slackhouseshop.pl\/en\/wp-json\/wp\/v2\/product\/3385","targetHints":{"allow":["GET"]}}],"collection":[{"href":"https:\/\/slackhouseshop.pl\/en\/wp-json\/wp\/v2\/product"}],"about":[{"href":"https:\/\/slackhouseshop.pl\/en\/wp-json\/wp\/v2\/types\/product"}],"replies":[{"embeddable":true,"href":"https:\/\/slackhouseshop.pl\/en\/wp-json\/wp\/v2\/comments?post=3385"}],"wp:featuredmedia":[{"embeddable":true,"href":"https:\/\/slackhouseshop.pl\/en\/wp-json\/wp\/v2\/media\/3432"}],"wp:attachment":[{"href":"https:\/\/slackhouseshop.pl\/en\/wp-json\/wp\/v2\/media?parent=3385"}],"wp:term":[{"taxonomy":"product_cat","embeddable":true,"href":"https:\/\/slackhouseshop.pl\/en\/wp-json\/wp\/v2\/product_cat?post=3385"},{"taxonomy":"product_tag","embeddable":true,"href":"https:\/\/slackhouseshop.pl\/en\/wp-json\/wp\/v2\/product_tag?post=3385"}],"curies":[{"name":"wp","href":"https:\/\/api.w.org\/{rel}","templated":true}]}}