{"id":344,"date":"2017-06-19T15:08:00","date_gmt":"2017-06-19T15:08:00","guid":{"rendered":"http:\/\/slackhouseshop.pl\/produkt\/blue-mile\/"},"modified":"2025-11-18T23:22:00","modified_gmt":"2025-11-18T22:22:00","slug":"blue-mile-25mm","status":"publish","type":"product","link":"https:\/\/slackhouseshop.pl\/en\/produkt\/blue-mile-25mm\/","title":{"rendered":"Blue Mile"},"content":{"rendered":"<p>Blue Mile is a strong and lightweight polyester webbing aimed for longlining. It&#8217;s main advantage is very low elongation &#8211; tensioning even longer lines requires less effort and shorter tenstioning systems.<\/p>\n<p>High strength provides better safety margin. Reasonable choice for highline backup.<\/p>\n","protected":false},"excerpt":{"rendered":"<p>Low-stretch longline webbing.<\/p>\n","protected":false},"featured_media":198,"comment_status":"open","ping_status":"closed","template":"","meta":{"_acf_changed":false},"product_cat":[136],"product_tag":[],"class_list":{"0":"post-344","1":"product","2":"type-product","3":"status-publish","4":"has-post-thumbnail","6":"product_cat-webbings","7":"wcpa_has_options","9":"first","10":"instock","11":"taxable","12":"shipping-taxable","13":"purchasable","14":"product-type-variable","15":"has-default-attributes"},"acf":[],"yoast_head":"<!-- This site is optimized with the Yoast SEO plugin v26.6 - https:\/\/yoast.com\/wordpress\/plugins\/seo\/ -->\n<title>Blue Mile low stretch longline webbing - Slackhouse Shop<\/title>\n<meta name=\"description\" content=\"Strong and lightweight polyester webbing for\u00a0longline. It&#039;s main advantage is low elongation for easy tensioning.\" \/>\n<meta name=\"robots\" content=\"index, follow, max-snippet:-1, max-image-preview:large, max-video-preview:-1\" \/>\n<link rel=\"canonical\" href=\"https:\/\/slackhouseshop.pl\/en\/produkt\/blue-mile-25mm\/\" \/>\n<meta property=\"og:locale\" content=\"en_US\" \/>\n<meta property=\"og:type\" content=\"article\" \/>\n<meta property=\"og:title\" content=\"Blue Mile low stretch longline webbing - Slackhouse Shop\" \/>\n<meta property=\"og:description\" content=\"Strong and lightweight polyester webbing for\u00a0longline. It&#039;s main advantage is low elongation for easy tensioning.\" \/>\n<meta property=\"og:url\" content=\"https:\/\/slackhouseshop.pl\/en\/produkt\/blue-mile-25mm\/\" \/>\n<meta property=\"og:site_name\" content=\"Slackhouse Shop\" \/>\n<meta property=\"article:modified_time\" content=\"2025-11-18T22:22:00+00:00\" \/>\n<meta property=\"og:image\" content=\"https:\/\/slackhouseshop.pl\/wp-content\/uploads\/2017\/06\/SHBlueMile02.jpg\" \/>\n\t<meta property=\"og:image:width\" content=\"1000\" \/>\n\t<meta property=\"og:image:height\" content=\"1000\" \/>\n\t<meta property=\"og:image:type\" content=\"image\/jpeg\" \/>\n<meta name=\"twitter:card\" content=\"summary_large_image\" \/>\n<script type=\"application\/ld+json\" class=\"yoast-schema-graph\">{\"@context\":\"https:\/\/schema.org\",\"@graph\":[{\"@type\":\"WebPage\",\"@id\":\"https:\/\/slackhouseshop.pl\/en\/produkt\/blue-mile-25mm\/\",\"url\":\"https:\/\/slackhouseshop.pl\/en\/produkt\/blue-mile-25mm\/\",\"name\":\"Blue Mile low stretch longline webbing - Slackhouse Shop\",\"isPartOf\":{\"@id\":\"https:\/\/slackhouseshop.pl\/en\/#website\"},\"primaryImageOfPage\":{\"@id\":\"https:\/\/slackhouseshop.pl\/en\/produkt\/blue-mile-25mm\/#primaryimage\"},\"image\":{\"@id\":\"https:\/\/slackhouseshop.pl\/en\/produkt\/blue-mile-25mm\/#primaryimage\"},\"thumbnailUrl\":\"https:\/\/slackhouseshop.pl\/wp-content\/uploads\/2017\/06\/SHBlueMile02.jpg\",\"datePublished\":\"2017-06-19T15:08:00+00:00\",\"dateModified\":\"2025-11-18T22:22:00+00:00\",\"description\":\"Strong and lightweight polyester webbing for\u00a0longline. It's main advantage is low elongation for easy tensioning.\",\"breadcrumb\":{\"@id\":\"https:\/\/slackhouseshop.pl\/en\/produkt\/blue-mile-25mm\/#breadcrumb\"},\"inLanguage\":\"en-US\",\"potentialAction\":[{\"@type\":\"ReadAction\",\"target\":[\"https:\/\/slackhouseshop.pl\/en\/produkt\/blue-mile-25mm\/\"]}]},{\"@type\":\"ImageObject\",\"inLanguage\":\"en-US\",\"@id\":\"https:\/\/slackhouseshop.pl\/en\/produkt\/blue-mile-25mm\/#primaryimage\",\"url\":\"https:\/\/slackhouseshop.pl\/wp-content\/uploads\/2017\/06\/SHBlueMile02.jpg\",\"contentUrl\":\"https:\/\/slackhouseshop.pl\/wp-content\/uploads\/2017\/06\/SHBlueMile02.jpg\",\"width\":1000,\"height\":1000,\"caption\":\"Slackhouse Blue Mile\"},{\"@type\":\"BreadcrumbList\",\"@id\":\"https:\/\/slackhouseshop.pl\/en\/produkt\/blue-mile-25mm\/#breadcrumb\",\"itemListElement\":[{\"@type\":\"ListItem\",\"position\":1,\"name\":\"Strona g\u0142\u00f3wna\",\"item\":\"https:\/\/slackhouseshop.pl\/en\/\"},{\"@type\":\"ListItem\",\"position\":2,\"name\":\"Shop\",\"item\":\"https:\/\/slackhouseshop.pl\/en\/shop\/\"},{\"@type\":\"ListItem\",\"position\":3,\"name\":\"Blue Mile\"}]},{\"@type\":\"WebSite\",\"@id\":\"https:\/\/slackhouseshop.pl\/en\/#website\",\"url\":\"https:\/\/slackhouseshop.pl\/en\/\",\"name\":\"Slackhouse Shop\",\"description\":\"Dev\",\"potentialAction\":[{\"@type\":\"SearchAction\",\"target\":{\"@type\":\"EntryPoint\",\"urlTemplate\":\"https:\/\/slackhouseshop.pl\/en\/?s={search_term_string}\"},\"query-input\":{\"@type\":\"PropertyValueSpecification\",\"valueRequired\":true,\"valueName\":\"search_term_string\"}}],\"inLanguage\":\"en-US\"}]}<\/script>\n<!-- \/ Yoast SEO plugin. -->","yoast_head_json":{"title":"Blue Mile low stretch longline webbing - Slackhouse Shop","description":"Strong and lightweight polyester webbing for\u00a0longline. It's main advantage is low elongation for easy tensioning.","robots":{"index":"index","follow":"follow","max-snippet":"max-snippet:-1","max-image-preview":"max-image-preview:large","max-video-preview":"max-video-preview:-1"},"canonical":"https:\/\/slackhouseshop.pl\/en\/produkt\/blue-mile-25mm\/","og_locale":"en_US","og_type":"article","og_title":"Blue Mile low stretch longline webbing - Slackhouse Shop","og_description":"Strong and lightweight polyester webbing for\u00a0longline. It's main advantage is low elongation for easy tensioning.","og_url":"https:\/\/slackhouseshop.pl\/en\/produkt\/blue-mile-25mm\/","og_site_name":"Slackhouse Shop","article_modified_time":"2025-11-18T22:22:00+00:00","og_image":[{"width":1000,"height":1000,"url":"https:\/\/slackhouseshop.pl\/wp-content\/uploads\/2017\/06\/SHBlueMile02.jpg","type":"image\/jpeg"}],"twitter_card":"summary_large_image","schema":{"@context":"https:\/\/schema.org","@graph":[{"@type":"WebPage","@id":"https:\/\/slackhouseshop.pl\/en\/produkt\/blue-mile-25mm\/","url":"https:\/\/slackhouseshop.pl\/en\/produkt\/blue-mile-25mm\/","name":"Blue Mile low stretch longline webbing - Slackhouse Shop","isPartOf":{"@id":"https:\/\/slackhouseshop.pl\/en\/#website"},"primaryImageOfPage":{"@id":"https:\/\/slackhouseshop.pl\/en\/produkt\/blue-mile-25mm\/#primaryimage"},"image":{"@id":"https:\/\/slackhouseshop.pl\/en\/produkt\/blue-mile-25mm\/#primaryimage"},"thumbnailUrl":"https:\/\/slackhouseshop.pl\/wp-content\/uploads\/2017\/06\/SHBlueMile02.jpg","datePublished":"2017-06-19T15:08:00+00:00","dateModified":"2025-11-18T22:22:00+00:00","description":"Strong and lightweight polyester webbing for\u00a0longline. It's main advantage is low elongation for easy tensioning.","breadcrumb":{"@id":"https:\/\/slackhouseshop.pl\/en\/produkt\/blue-mile-25mm\/#breadcrumb"},"inLanguage":"en-US","potentialAction":[{"@type":"ReadAction","target":["https:\/\/slackhouseshop.pl\/en\/produkt\/blue-mile-25mm\/"]}]},{"@type":"ImageObject","inLanguage":"en-US","@id":"https:\/\/slackhouseshop.pl\/en\/produkt\/blue-mile-25mm\/#primaryimage","url":"https:\/\/slackhouseshop.pl\/wp-content\/uploads\/2017\/06\/SHBlueMile02.jpg","contentUrl":"https:\/\/slackhouseshop.pl\/wp-content\/uploads\/2017\/06\/SHBlueMile02.jpg","width":1000,"height":1000,"caption":"Slackhouse Blue Mile"},{"@type":"BreadcrumbList","@id":"https:\/\/slackhouseshop.pl\/en\/produkt\/blue-mile-25mm\/#breadcrumb","itemListElement":[{"@type":"ListItem","position":1,"name":"Strona g\u0142\u00f3wna","item":"https:\/\/slackhouseshop.pl\/en\/"},{"@type":"ListItem","position":2,"name":"Shop","item":"https:\/\/slackhouseshop.pl\/en\/shop\/"},{"@type":"ListItem","position":3,"name":"Blue Mile"}]},{"@type":"WebSite","@id":"https:\/\/slackhouseshop.pl\/en\/#website","url":"https:\/\/slackhouseshop.pl\/en\/","name":"Slackhouse Shop","description":"Dev","potentialAction":[{"@type":"SearchAction","target":{"@type":"EntryPoint","urlTemplate":"https:\/\/slackhouseshop.pl\/en\/?s={search_term_string}"},"query-input":{"@type":"PropertyValueSpecification","valueRequired":true,"valueName":"search_term_string"}}],"inLanguage":"en-US"}]}},"wcpa_form_fields":{"wcpaData":{"product":{"product_price":1.2,"price_html":"<span class=\"woocommerce-Price-amount amount\"><bdi><span class=\"woocommerce-Price-currencySymbol\">&euro;<\/span>1.20<\/bdi><\/span> &ndash; <span class=\"woocommerce-Price-amount amount\"><bdi><span class=\"woocommerce-Price-currencySymbol\">&euro;<\/span>337.50<\/bdi><\/span>","original_product_price":1.2,"price_including_tax":1.2,"price_excluding_tax":0.97561,"product_id":{"parent":344,"variation":false},"is_variable":true,"stock_status":"instock","stock_quantity":null,"parent_sku":"BLUE-MILE","product_attributes":{"pa_producent":{"is_variation":false,"values":["slackhouse-en"]},"pa_material":{"is_variation":false,"values":["polyester"]},"pa_splot":{"is_variation":false,"values":["flat"]},"pa_wytrzymalosc":{"is_variation":false,"values":["32-kn-en"]},"pa_dopuszczalne-obciazenie":{"is_variation":false,"values":["8-kn-en"]},"pa_waga":{"is_variation":false,"values":["588-g-m-en"]},"pa_szerokosc":{"is_variation":false,"values":["26-mm-en"]},"pa_grubosc":{"is_variation":false,"values":["26-mm-en"]},"pa_wydluzenie":{"is_variation":false,"values":["23-5-kn-en","42-10-kn-en"]},"pa_kraj-produkcji":{"is_variation":false,"values":["eu"]},"pa_odcinki":{"is_variation":true,"values":[]}},"custom_fields":[],"is_taxable":true,"product_name":"Blue Mile","hasImage":false},"fields":{"sec_96735c5ad05679":{"extra":{"key":"sec_96735c5ad05679","section_id":"sec_96735c5ad05679","name":"Default","status":1,"cl_rule":"show","enableCl":false,"relations":[],"toggle":true,"title_tag":"h3","show_title":false,"showPrice":"default","form_id":3603,"form_rules":{"exclude_from_discount":false,"fee_label":"Op\u0142ata","disp_hide_options_price":false,"disp_show_section_price":false,"disp_show_field_price":false,"layout_option":"standard","pric_use_as_fee":false,"process_fee_as":"woo_fee"},"layout_option":"standard"},"fields":[[{"type":"image-group","required":true,"label":"Sewn loops - first end","elementId":"wcpa-image-group-1578412751582","description":"","desc_type":true,"inline":true,"enablePrice":true,"priceOptions":"different_for_all","pricingType":"fixed","enable_popup":"no","name":"image-group-1578412751582","hideImageIn_cart":true,"hideImageIn_email":true,"disp_type":"squircle","img_selection_type":"outline","other_text":"Other","cl_rule":"show","col":6,"values":[{"label":"No loop","price":"0","image":"https:\/\/slackhouseshop.pl\/wp-content\/uploads\/2021\/02\/SH_NoLoopmL-1.jpg","image_id":"3588","thumb":"https:\/\/slackhouseshop.pl\/wp-content\/uploads\/2021\/02\/SH_NoLoopmL-1-150x70.jpg","selected":true,"value":"0","thumb_src":"https:\/\/slackhouseshop.pl\/wp-content\/uploads\/2021\/02\/SH_NoLoopmL-1-150x70.jpg","gt_translate_keys":["label"]},{"label":"Single loop","price":"50","image":"https:\/\/slackhouseshop.pl\/wp-content\/uploads\/2021\/02\/SH_SewnLoopSmL-1.jpg","image_id":"3596","thumb":"https:\/\/slackhouseshop.pl\/wp-content\/uploads\/2021\/02\/SH_SewnLoopSmL-1-150x70.jpg","value":"1","thumb_src":"https:\/\/slackhouseshop.pl\/wp-content\/uploads\/2021\/02\/SH_SewnLoopSmL-1-150x70.jpg","gt_translate_keys":["label"]},{"label":"Double loop","price":"90","image":"https:\/\/slackhouseshop.pl\/wp-content\/uploads\/2021\/02\/SH_SewnLoopDmL-1.jpg","image_id":"3592","thumb":"https:\/\/slackhouseshop.pl\/wp-content\/uploads\/2021\/02\/SH_SewnLoopDmL-1-150x70.jpg","value":"2","thumb_src":"https:\/\/slackhouseshop.pl\/wp-content\/uploads\/2021\/02\/SH_SewnLoopDmL-1-150x70.jpg","gt_translate_keys":["label"]}],"relations":false,"active":true,"tooltip":"A service of making the sewn loop at the end of the webbing.","layOut":"inline","disp_size_img":{"width":"140","height":""},"error":false,"cartLabel":"First end","gt_translate_keys":["label","description","tooltip"],"price_dependency":false,"cl_dependency":false,"value":""}],[{"type":"image-group","label":"T-loops","elementId":"wcpa-image-group-1612301504653","enablePrice":true,"priceOptions":"fixed_for_all","pricingType":"fixed","price":"90","is_show_price":false,"enable_popup":"no","name":"image-group-1612301504653","hideImageIn_cart":true,"hideImageIn_email":true,"disp_type":"squircle","img_selection_type":"outline","other_text":"Other","cl_rule":"show","col":6,"values":[{"label":"","price":"","image":"https:\/\/slackhouseshop.pl\/wp-content\/uploads\/2019\/10\/SH_T_loop_01m.jpg","image_id":"3572","thumb":"https:\/\/slackhouseshop.pl\/wp-content\/uploads\/2019\/10\/SH_T_loop_01m-150x65.jpg","value":"0","thumb_src":"https:\/\/slackhouseshop.pl\/wp-content\/uploads\/2019\/10\/SH_T_loop_01m-150x65.jpg","gt_translate_keys":["label"]}],"relations":false,"active":true,"tooltip":"","layOut":"","disp_size_img":{"width":"140","height":""},"cartLabel":"T-loops","error":false,"enable_quantity":true,"quantity_label":"Ilo\u015b\u0107","repeater":false,"repeater_field_label":"{field_label}","repeater_bind":"","min_quantity":"1","enableClearSelection":false,"show_selected_option":false,"option_price_format":"{price}","multiple":true,"gt_translate_keys":["label","tooltip","repeater_field_label","quantity_label"],"price_dependency":false,"cl_dependency":false,"value":""}],[{"type":"image-group","required":true,"label":"Sewn loops - second end","elementId":"wcpa-image-group-1578423304138","description":"","desc_type":true,"inline":true,"enablePrice":true,"priceOptions":"different_for_all","pricingType":"fixed","enable_popup":"no","name":"image-group-1578423304134","hideImageIn_cart":true,"hideImageIn_email":true,"disp_type":"squircle","img_selection_type":"outline","other_text":"Other","cl_rule":"show","col":6,"values":[{"label":"No loop","price":"0","image":"https:\/\/slackhouseshop.pl\/wp-content\/uploads\/2021\/02\/SH_NoLoopmR-1.jpg","image_id":"3590","thumb":"https:\/\/slackhouseshop.pl\/wp-content\/uploads\/2021\/02\/SH_NoLoopmR-1-150x70.jpg","selected":true,"value":"0","thumb_src":"https:\/\/slackhouseshop.pl\/wp-content\/uploads\/2021\/02\/SH_NoLoopmR-1-150x70.jpg","gt_translate_keys":["label"]},{"label":"Single loop","price":"50","image":"https:\/\/slackhouseshop.pl\/wp-content\/uploads\/2021\/02\/SH_SewnLoopSmR-1.jpg","image_id":"3598","thumb":"https:\/\/slackhouseshop.pl\/wp-content\/uploads\/2021\/02\/SH_SewnLoopSmR-1-150x70.jpg","value":"1","thumb_src":"https:\/\/slackhouseshop.pl\/wp-content\/uploads\/2021\/02\/SH_SewnLoopSmR-1-150x70.jpg","gt_translate_keys":["label"]},{"label":"Double loop","price":"90","image":"https:\/\/slackhouseshop.pl\/wp-content\/uploads\/2021\/02\/SH_SewnLoopDmR-1.jpg","image_id":"3594","thumb":"https:\/\/slackhouseshop.pl\/wp-content\/uploads\/2021\/02\/SH_SewnLoopDmR-1-150x70.jpg","value":"2","thumb_src":"https:\/\/slackhouseshop.pl\/wp-content\/uploads\/2021\/02\/SH_SewnLoopDmR-1-150x70.jpg","gt_translate_keys":["label"]}],"relations":false,"active":true,"tooltip":"","layOut":"inline","disp_size_img":{"width":"140","height":""},"error":false,"cartLabel":"Second end","gt_translate_keys":["label","description","tooltip"],"price_dependency":false,"cl_dependency":false,"value":""}]]}},"config":{"price_override":"","enable_recaptcha":false,"bind_quantity":false,"quantity_bind_formula":false,"disp_summ_show_option_price":"Potwierdzam zakup i p\u0142ac\u0119","disp_summ_show_product_price":"Potwierdzam zakup i p\u0142ac\u0119","disp_summ_show_total_price":"Potwierdzam zakup i p\u0142ac\u0119","disp_summ_show_fee":false,"disp_summ_show_discount":false,"summary_title":"","options_total_label":"Options Price","total_label":"Total","options_product_label":"Product Price","fee_label":"Op\u0142ata","discount_label":"Rabat","has_price":true,"has_quantity_formula":false},"mc_unit":0.25,"tax_rate":1,"tax_rate_real":0.23,"discount":{"percentage":0,"fixed":0},"design":{"conf":{"LabelPosition":"above","DescPosition":"above","UploadField":"custom_1","QuantityFieldStyle":"default"},"css":{"LeftLabelWidth":"120px"}},"formulas":[],"lookuptables":[],"clones":false,"cartKey":false}},"_links":{"self":[{"href":"https:\/\/slackhouseshop.pl\/en\/wp-json\/wp\/v2\/product\/344","targetHints":{"allow":["GET"]}}],"collection":[{"href":"https:\/\/slackhouseshop.pl\/en\/wp-json\/wp\/v2\/product"}],"about":[{"href":"https:\/\/slackhouseshop.pl\/en\/wp-json\/wp\/v2\/types\/product"}],"replies":[{"embeddable":true,"href":"https:\/\/slackhouseshop.pl\/en\/wp-json\/wp\/v2\/comments?post=344"}],"wp:featuredmedia":[{"embeddable":true,"href":"https:\/\/slackhouseshop.pl\/en\/wp-json\/wp\/v2\/media\/198"}],"wp:attachment":[{"href":"https:\/\/slackhouseshop.pl\/en\/wp-json\/wp\/v2\/media?parent=344"}],"wp:term":[{"taxonomy":"product_cat","embeddable":true,"href":"https:\/\/slackhouseshop.pl\/en\/wp-json\/wp\/v2\/product_cat?post=344"},{"taxonomy":"product_tag","embeddable":true,"href":"https:\/\/slackhouseshop.pl\/en\/wp-json\/wp\/v2\/product_tag?post=344"}],"curies":[{"name":"wp","href":"https:\/\/api.w.org\/{rel}","templated":true}]}}