{"id":5583,"date":"2022-11-14T23:28:48","date_gmt":"2022-11-14T22:28:48","guid":{"rendered":"https:\/\/slackhouseshop.pl\/produkt\/trickzone-sleeve\/"},"modified":"2026-03-22T16:19:03","modified_gmt":"2026-03-22T15:19:03","slug":"trickzone-sleeve","status":"publish","type":"product","link":"https:\/\/slackhouseshop.pl\/en\/produkt\/trickzone-sleeve\/","title":{"rendered":"TrickZone Sleeve"},"content":{"rendered":"<p>It&#8217;s time to upgrade to the next level of freestyle comfort! Our super comfy TrickZone protective sleeve brings a new quality to your training. Thick and soft tubular webbing, in a distinctive Neon Orange color, protects your webbing from damage and greatly improves the comfort of each freestyle session, ensuring a secure grip.<\/p>\n<p>The sleeve has two small loops at each end for easy positioning.<\/p>\n<p>Pleas note:<\/p>\n<ul>\n<li>the size of the sleeve does not allow it to be pulled through the end loops or T-loops,<\/li>\n<li>the size of the sleeve is adapted for two 24-25 mm lines, giving best fit.<\/li>\n<\/ul>\n<p>Options available:<\/p>\n<p>Just sleeve &#8211; self-assembly sleeve supplied with an internal cord for easy threading of the webbing,<br \/>\nSleeved over (M) &#8211; sleeved over a single line (Main) before stitching any loops,<br \/>\nSleeved over (M+B) &#8211; sleeved over two lines (Main + Backup) before stitching any loops.<\/p>\n","protected":false},"excerpt":{"rendered":"<p>The TrickZone sleeve protects your freestyle webbing from leash or rings abrasion and improves the comfort of your training sessions.<\/p>\n","protected":false},"featured_media":5574,"comment_status":"open","ping_status":"closed","template":"","meta":{"_acf_changed":false},"product_cat":[534],"product_tag":[],"class_list":{"0":"post-5583","1":"product","2":"type-product","3":"status-publish","4":"has-post-thumbnail","6":"product_cat-protectors","7":"wcpa_has_options","9":"first","10":"instock","11":"taxable","12":"shipping-taxable","13":"purchasable","14":"product-type-variable","15":"has-default-attributes"},"acf":[],"yoast_head":"<!-- This site is optimized with the Yoast SEO plugin v26.6 - https:\/\/yoast.com\/wordpress\/plugins\/seo\/ -->\n<title>TrickZone sleeve - Slackhouse Shop<\/title>\n<meta name=\"description\" content=\"The TrickZone sleeve protects your freestyle webbing from leash or rings abrasion and improves the comfort of your training sessions.\" \/>\n<meta name=\"robots\" content=\"index, follow, max-snippet:-1, max-image-preview:large, max-video-preview:-1\" \/>\n<link rel=\"canonical\" href=\"https:\/\/slackhouseshop.pl\/en\/produkt\/trickzone-sleeve\/\" \/>\n<meta property=\"og:locale\" content=\"en_US\" \/>\n<meta property=\"og:type\" content=\"article\" \/>\n<meta property=\"og:title\" content=\"TrickZone sleeve - Slackhouse Shop\" \/>\n<meta property=\"og:description\" content=\"The TrickZone sleeve protects your freestyle webbing from leash or rings abrasion and improves the comfort of your training sessions.\" \/>\n<meta property=\"og:url\" content=\"https:\/\/slackhouseshop.pl\/en\/produkt\/trickzone-sleeve\/\" \/>\n<meta property=\"og:site_name\" content=\"Slackhouse Shop\" \/>\n<meta property=\"article:modified_time\" content=\"2026-03-22T15:19:03+00:00\" \/>\n<meta property=\"og:image\" content=\"https:\/\/slackhouseshop.pl\/wp-content\/uploads\/2022\/11\/SH_FreeSleeve_04.jpg\" \/>\n\t<meta property=\"og:image:width\" content=\"1000\" \/>\n\t<meta property=\"og:image:height\" content=\"1000\" \/>\n\t<meta property=\"og:image:type\" content=\"image\/jpeg\" \/>\n<meta name=\"twitter:card\" content=\"summary_large_image\" \/>\n<meta name=\"twitter:label1\" content=\"Est. reading time\" \/>\n\t<meta name=\"twitter:data1\" content=\"1 minute\" \/>\n<script type=\"application\/ld+json\" class=\"yoast-schema-graph\">{\"@context\":\"https:\/\/schema.org\",\"@graph\":[{\"@type\":\"WebPage\",\"@id\":\"https:\/\/slackhouseshop.pl\/en\/produkt\/trickzone-sleeve\/\",\"url\":\"https:\/\/slackhouseshop.pl\/en\/produkt\/trickzone-sleeve\/\",\"name\":\"TrickZone sleeve - Slackhouse Shop\",\"isPartOf\":{\"@id\":\"https:\/\/slackhouseshop.pl\/en\/#website\"},\"primaryImageOfPage\":{\"@id\":\"https:\/\/slackhouseshop.pl\/en\/produkt\/trickzone-sleeve\/#primaryimage\"},\"image\":{\"@id\":\"https:\/\/slackhouseshop.pl\/en\/produkt\/trickzone-sleeve\/#primaryimage\"},\"thumbnailUrl\":\"https:\/\/slackhouseshop.pl\/wp-content\/uploads\/2022\/11\/SH_FreeSleeve_04.jpg\",\"datePublished\":\"2022-11-14T22:28:48+00:00\",\"dateModified\":\"2026-03-22T15:19:03+00:00\",\"description\":\"The TrickZone sleeve protects your freestyle webbing from leash or rings abrasion and improves the comfort of your training sessions.\",\"breadcrumb\":{\"@id\":\"https:\/\/slackhouseshop.pl\/en\/produkt\/trickzone-sleeve\/#breadcrumb\"},\"inLanguage\":\"en-US\",\"potentialAction\":[{\"@type\":\"ReadAction\",\"target\":[\"https:\/\/slackhouseshop.pl\/en\/produkt\/trickzone-sleeve\/\"]}]},{\"@type\":\"ImageObject\",\"inLanguage\":\"en-US\",\"@id\":\"https:\/\/slackhouseshop.pl\/en\/produkt\/trickzone-sleeve\/#primaryimage\",\"url\":\"https:\/\/slackhouseshop.pl\/wp-content\/uploads\/2022\/11\/SH_FreeSleeve_04.jpg\",\"contentUrl\":\"https:\/\/slackhouseshop.pl\/wp-content\/uploads\/2022\/11\/SH_FreeSleeve_04.jpg\",\"width\":1000,\"height\":1000,\"caption\":\"TrickZone Sleeve\"},{\"@type\":\"BreadcrumbList\",\"@id\":\"https:\/\/slackhouseshop.pl\/en\/produkt\/trickzone-sleeve\/#breadcrumb\",\"itemListElement\":[{\"@type\":\"ListItem\",\"position\":1,\"name\":\"Strona g\u0142\u00f3wna\",\"item\":\"https:\/\/slackhouseshop.pl\/en\/\"},{\"@type\":\"ListItem\",\"position\":2,\"name\":\"Shop\",\"item\":\"https:\/\/slackhouseshop.pl\/en\/shop\/\"},{\"@type\":\"ListItem\",\"position\":3,\"name\":\"TrickZone Sleeve\"}]},{\"@type\":\"WebSite\",\"@id\":\"https:\/\/slackhouseshop.pl\/en\/#website\",\"url\":\"https:\/\/slackhouseshop.pl\/en\/\",\"name\":\"Slackhouse Shop\",\"description\":\"Dev\",\"potentialAction\":[{\"@type\":\"SearchAction\",\"target\":{\"@type\":\"EntryPoint\",\"urlTemplate\":\"https:\/\/slackhouseshop.pl\/en\/?s={search_term_string}\"},\"query-input\":{\"@type\":\"PropertyValueSpecification\",\"valueRequired\":true,\"valueName\":\"search_term_string\"}}],\"inLanguage\":\"en-US\"}]}<\/script>\n<!-- \/ Yoast SEO plugin. -->","yoast_head_json":{"title":"TrickZone sleeve - Slackhouse Shop","description":"The TrickZone sleeve protects your freestyle webbing from leash or rings abrasion and improves the comfort of your training sessions.","robots":{"index":"index","follow":"follow","max-snippet":"max-snippet:-1","max-image-preview":"max-image-preview:large","max-video-preview":"max-video-preview:-1"},"canonical":"https:\/\/slackhouseshop.pl\/en\/produkt\/trickzone-sleeve\/","og_locale":"en_US","og_type":"article","og_title":"TrickZone sleeve - Slackhouse Shop","og_description":"The TrickZone sleeve protects your freestyle webbing from leash or rings abrasion and improves the comfort of your training sessions.","og_url":"https:\/\/slackhouseshop.pl\/en\/produkt\/trickzone-sleeve\/","og_site_name":"Slackhouse Shop","article_modified_time":"2026-03-22T15:19:03+00:00","og_image":[{"width":1000,"height":1000,"url":"https:\/\/slackhouseshop.pl\/wp-content\/uploads\/2022\/11\/SH_FreeSleeve_04.jpg","type":"image\/jpeg"}],"twitter_card":"summary_large_image","twitter_misc":{"Est. reading time":"1 minute"},"schema":{"@context":"https:\/\/schema.org","@graph":[{"@type":"WebPage","@id":"https:\/\/slackhouseshop.pl\/en\/produkt\/trickzone-sleeve\/","url":"https:\/\/slackhouseshop.pl\/en\/produkt\/trickzone-sleeve\/","name":"TrickZone sleeve - Slackhouse Shop","isPartOf":{"@id":"https:\/\/slackhouseshop.pl\/en\/#website"},"primaryImageOfPage":{"@id":"https:\/\/slackhouseshop.pl\/en\/produkt\/trickzone-sleeve\/#primaryimage"},"image":{"@id":"https:\/\/slackhouseshop.pl\/en\/produkt\/trickzone-sleeve\/#primaryimage"},"thumbnailUrl":"https:\/\/slackhouseshop.pl\/wp-content\/uploads\/2022\/11\/SH_FreeSleeve_04.jpg","datePublished":"2022-11-14T22:28:48+00:00","dateModified":"2026-03-22T15:19:03+00:00","description":"The TrickZone sleeve protects your freestyle webbing from leash or rings abrasion and improves the comfort of your training sessions.","breadcrumb":{"@id":"https:\/\/slackhouseshop.pl\/en\/produkt\/trickzone-sleeve\/#breadcrumb"},"inLanguage":"en-US","potentialAction":[{"@type":"ReadAction","target":["https:\/\/slackhouseshop.pl\/en\/produkt\/trickzone-sleeve\/"]}]},{"@type":"ImageObject","inLanguage":"en-US","@id":"https:\/\/slackhouseshop.pl\/en\/produkt\/trickzone-sleeve\/#primaryimage","url":"https:\/\/slackhouseshop.pl\/wp-content\/uploads\/2022\/11\/SH_FreeSleeve_04.jpg","contentUrl":"https:\/\/slackhouseshop.pl\/wp-content\/uploads\/2022\/11\/SH_FreeSleeve_04.jpg","width":1000,"height":1000,"caption":"TrickZone Sleeve"},{"@type":"BreadcrumbList","@id":"https:\/\/slackhouseshop.pl\/en\/produkt\/trickzone-sleeve\/#breadcrumb","itemListElement":[{"@type":"ListItem","position":1,"name":"Strona g\u0142\u00f3wna","item":"https:\/\/slackhouseshop.pl\/en\/"},{"@type":"ListItem","position":2,"name":"Shop","item":"https:\/\/slackhouseshop.pl\/en\/shop\/"},{"@type":"ListItem","position":3,"name":"TrickZone Sleeve"}]},{"@type":"WebSite","@id":"https:\/\/slackhouseshop.pl\/en\/#website","url":"https:\/\/slackhouseshop.pl\/en\/","name":"Slackhouse Shop","description":"Dev","potentialAction":[{"@type":"SearchAction","target":{"@type":"EntryPoint","urlTemplate":"https:\/\/slackhouseshop.pl\/en\/?s={search_term_string}"},"query-input":{"@type":"PropertyValueSpecification","valueRequired":true,"valueName":"search_term_string"}}],"inLanguage":"en-US"}]}},"wcpa_form_fields":{"wcpaData":{"product":{"product_price":20,"price_html":"<span class=\"woocommerce-Price-amount amount\"><bdi><span class=\"woocommerce-Price-currencySymbol\">&euro;<\/span>20.00<\/bdi><\/span> &ndash; <span class=\"woocommerce-Price-amount amount\"><bdi><span class=\"woocommerce-Price-currencySymbol\">&euro;<\/span>22.50<\/bdi><\/span>","original_product_price":20,"price_including_tax":20,"price_excluding_tax":16.260163,"product_id":{"parent":5583,"variation":false},"is_variable":true,"stock_status":"instock","stock_quantity":6,"parent_sku":"TRICKZONE","product_attributes":{"pa_szerokosc":{"is_variation":false,"values":["32-mm-en"]},"pa_grubosc":{"is_variation":false,"values":["26-mm-en"]},"pa_material":{"is_variation":false,"values":["polyester"]},"pa_producent":{"is_variation":false,"values":["slackhouse-en"]},"pa_kraj-produkcji":{"is_variation":false,"values":["poland"]},"dlugosc":{"is_variation":true,"values":[]}},"custom_fields":[],"is_taxable":true,"product_name":"TrickZone Sleeve","hasImage":false},"fields":{"sec_369e4ed0c8f91c":{"extra":{"key":"sec_369e4ed0c8f91c","section_id":"sec_369e4ed0c8f91c","name":"Default","status":1,"cl_rule":"show","enableCl":false,"relations":[],"toggle":true,"title_tag":"h3","show_title":false,"showPrice":"default","form_id":5582,"form_rules":{"exclude_from_discount":false,"fee_label":"Op\u0142ata","disp_hide_options_price":false,"disp_show_section_price":false,"disp_show_field_price":false,"layout_option":"standard","pric_use_as_fee":false,"process_fee_as":"woo_fee"},"layout_option":"standard"},"fields":[[{"type":"radio-group","required":true,"elementId":"wcpa-radio-group-1668461948436","label":"Sleeving over webbing:","enablePrice":true,"priceOptions":"different_for_all","pricingType":"fixed","name":"radio-group-freestyle-sleeve","enable_product_image":true,"other_text":"Other","cl_rule":"show","col":6,"values":[{"label":"NO - just sleeve","value":"just-sleeve","price":"0","pimage":"https:\/\/slackhouseshop.pl\/wp-content\/uploads\/2022\/11\/SH_FreeSleeve_03.jpg","pimage_id":"5571","pthumb":"https:\/\/slackhouseshop.pl\/wp-content\/uploads\/2022\/11\/SH_FreeSleeve_03-150x150.jpg","selected":true,"productImage":{"title":"R\u0119kaw TrickZone","caption":"","url":"https:\/\/slackhouseshop.pl\/wp-content\/uploads\/2022\/11\/SH_FreeSleeve_03.jpg","alt":"R\u0119kaw TrickZone","src":"https:\/\/slackhouseshop.pl\/wp-content\/uploads\/2022\/11\/SH_FreeSleeve_03-416x416.jpg","srcset":"https:\/\/slackhouseshop.pl\/wp-content\/uploads\/2022\/11\/SH_FreeSleeve_03-416x416.jpg 416w, https:\/\/slackhouseshop.pl\/wp-content\/uploads\/2022\/11\/SH_FreeSleeve_03-300x300.jpg 300w, https:\/\/slackhouseshop.pl\/wp-content\/uploads\/2022\/11\/SH_FreeSleeve_03-150x150.jpg 150w, https:\/\/slackhouseshop.pl\/wp-content\/uploads\/2022\/11\/SH_FreeSleeve_03-768x768.jpg 768w, https:\/\/slackhouseshop.pl\/wp-content\/uploads\/2022\/11\/SH_FreeSleeve_03-324x324.jpg 324w, https:\/\/slackhouseshop.pl\/wp-content\/uploads\/2022\/11\/SH_FreeSleeve_03-100x100.jpg 100w, https:\/\/slackhouseshop.pl\/wp-content\/uploads\/2022\/11\/SH_FreeSleeve_03-60x60.jpg 60w, https:\/\/slackhouseshop.pl\/wp-content\/uploads\/2022\/11\/SH_FreeSleeve_03-90x90.jpg 90w, https:\/\/slackhouseshop.pl\/wp-content\/uploads\/2022\/11\/SH_FreeSleeve_03.jpg 1000w","sizes":"(max-width: 416px) 100vw, 416px","full_src":"https:\/\/slackhouseshop.pl\/wp-content\/uploads\/2022\/11\/SH_FreeSleeve_03.jpg","full_src_w":1000,"full_src_h":1000,"gallery_thumbnail_src":"https:\/\/slackhouseshop.pl\/wp-content\/uploads\/2022\/11\/SH_FreeSleeve_03-100x100.jpg","gallery_thumbnail_src_w":100,"gallery_thumbnail_src_h":100,"thumb_src":"https:\/\/slackhouseshop.pl\/wp-content\/uploads\/2022\/11\/SH_FreeSleeve_03-324x324.jpg","thumb_src_w":324,"thumb_src_h":324,"src_w":416,"src_h":416,"image_id":"5571"},"gt_translate_keys":["label"]},{"label":"YES - sleeved over (M)","value":"sleeved-m","price":"25","pimage":"https:\/\/slackhouseshop.pl\/wp-content\/uploads\/2022\/11\/SH_FreeSleeve_05.jpg","pimage_id":"5575","pthumb":"https:\/\/slackhouseshop.pl\/wp-content\/uploads\/2022\/11\/SH_FreeSleeve_05-150x150.jpg","productImage":{"title":"R\u0119kaw TrickZone","caption":"","url":"https:\/\/slackhouseshop.pl\/wp-content\/uploads\/2022\/11\/SH_FreeSleeve_05.jpg","alt":"R\u0119kaw TrickZone","src":"https:\/\/slackhouseshop.pl\/wp-content\/uploads\/2022\/11\/SH_FreeSleeve_05-416x416.jpg","srcset":"https:\/\/slackhouseshop.pl\/wp-content\/uploads\/2022\/11\/SH_FreeSleeve_05-416x416.jpg 416w, https:\/\/slackhouseshop.pl\/wp-content\/uploads\/2022\/11\/SH_FreeSleeve_05-300x300.jpg 300w, https:\/\/slackhouseshop.pl\/wp-content\/uploads\/2022\/11\/SH_FreeSleeve_05-150x150.jpg 150w, https:\/\/slackhouseshop.pl\/wp-content\/uploads\/2022\/11\/SH_FreeSleeve_05-768x768.jpg 768w, https:\/\/slackhouseshop.pl\/wp-content\/uploads\/2022\/11\/SH_FreeSleeve_05-324x324.jpg 324w, https:\/\/slackhouseshop.pl\/wp-content\/uploads\/2022\/11\/SH_FreeSleeve_05-100x100.jpg 100w, https:\/\/slackhouseshop.pl\/wp-content\/uploads\/2022\/11\/SH_FreeSleeve_05-60x60.jpg 60w, https:\/\/slackhouseshop.pl\/wp-content\/uploads\/2022\/11\/SH_FreeSleeve_05-90x90.jpg 90w, https:\/\/slackhouseshop.pl\/wp-content\/uploads\/2022\/11\/SH_FreeSleeve_05.jpg 1000w","sizes":"(max-width: 416px) 100vw, 416px","full_src":"https:\/\/slackhouseshop.pl\/wp-content\/uploads\/2022\/11\/SH_FreeSleeve_05.jpg","full_src_w":1000,"full_src_h":1000,"gallery_thumbnail_src":"https:\/\/slackhouseshop.pl\/wp-content\/uploads\/2022\/11\/SH_FreeSleeve_05-100x100.jpg","gallery_thumbnail_src_w":100,"gallery_thumbnail_src_h":100,"thumb_src":"https:\/\/slackhouseshop.pl\/wp-content\/uploads\/2022\/11\/SH_FreeSleeve_05-324x324.jpg","thumb_src_w":324,"thumb_src_h":324,"src_w":416,"src_h":416,"image_id":"5575"},"gt_translate_keys":["label"]},{"label":"YES - sleeved over (M+B)","value":"sleeved-m-b","price":"70","pimage":"https:\/\/slackhouseshop.pl\/wp-content\/uploads\/2022\/11\/SH_FreeSleeve_04.jpg","pimage_id":"5573","pthumb":"https:\/\/slackhouseshop.pl\/wp-content\/uploads\/2022\/11\/SH_FreeSleeve_04-150x150.jpg","productImage":{"title":"R\u0119kaw TrickZone","caption":"","url":"https:\/\/slackhouseshop.pl\/wp-content\/uploads\/2022\/11\/SH_FreeSleeve_04.jpg","alt":"R\u0119kaw TrickZone","src":"https:\/\/slackhouseshop.pl\/wp-content\/uploads\/2022\/11\/SH_FreeSleeve_04-416x416.jpg","srcset":"https:\/\/slackhouseshop.pl\/wp-content\/uploads\/2022\/11\/SH_FreeSleeve_04-416x416.jpg 416w, https:\/\/slackhouseshop.pl\/wp-content\/uploads\/2022\/11\/SH_FreeSleeve_04-300x300.jpg 300w, https:\/\/slackhouseshop.pl\/wp-content\/uploads\/2022\/11\/SH_FreeSleeve_04-150x150.jpg 150w, https:\/\/slackhouseshop.pl\/wp-content\/uploads\/2022\/11\/SH_FreeSleeve_04-768x768.jpg 768w, https:\/\/slackhouseshop.pl\/wp-content\/uploads\/2022\/11\/SH_FreeSleeve_04-324x324.jpg 324w, https:\/\/slackhouseshop.pl\/wp-content\/uploads\/2022\/11\/SH_FreeSleeve_04-100x100.jpg 100w, https:\/\/slackhouseshop.pl\/wp-content\/uploads\/2022\/11\/SH_FreeSleeve_04-60x60.jpg 60w, https:\/\/slackhouseshop.pl\/wp-content\/uploads\/2022\/11\/SH_FreeSleeve_04-90x90.jpg 90w, https:\/\/slackhouseshop.pl\/wp-content\/uploads\/2022\/11\/SH_FreeSleeve_04.jpg 1000w","sizes":"(max-width: 416px) 100vw, 416px","full_src":"https:\/\/slackhouseshop.pl\/wp-content\/uploads\/2022\/11\/SH_FreeSleeve_04.jpg","full_src_w":1000,"full_src_h":1000,"gallery_thumbnail_src":"https:\/\/slackhouseshop.pl\/wp-content\/uploads\/2022\/11\/SH_FreeSleeve_04-100x100.jpg","gallery_thumbnail_src_w":100,"gallery_thumbnail_src_h":100,"thumb_src":"https:\/\/slackhouseshop.pl\/wp-content\/uploads\/2022\/11\/SH_FreeSleeve_04-324x324.jpg","thumb_src_w":324,"thumb_src_h":324,"src_w":416,"src_h":416,"image_id":"5573"},"gt_translate_keys":["label"]}],"relations":false,"active":true,"tooltip":"","layOut":"","gt_translate_keys":["label","tooltip"],"price_dependency":false,"cl_dependency":false,"value":""}]]}},"config":{"price_override":"","enable_recaptcha":false,"bind_quantity":false,"quantity_bind_formula":false,"disp_summ_show_option_price":"Potwierdzam zakup i p\u0142ac\u0119","disp_summ_show_product_price":"Potwierdzam zakup i p\u0142ac\u0119","disp_summ_show_total_price":"Potwierdzam zakup i p\u0142ac\u0119","disp_summ_show_fee":false,"disp_summ_show_discount":false,"summary_title":"","options_total_label":"Options Price","total_label":"Total","options_product_label":"Product Price","fee_label":"Op\u0142ata","discount_label":"Rabat","has_price":true,"has_quantity_formula":false},"mc_unit":0.25,"tax_rate":1,"tax_rate_real":0.23,"discount":{"percentage":0,"fixed":0},"design":{"conf":{"LabelPosition":"above","DescPosition":"above","UploadField":"custom_1","QuantityFieldStyle":"default"},"css":{"LeftLabelWidth":"120px"}},"formulas":[],"lookuptables":[],"clones":false,"cartKey":false}},"_links":{"self":[{"href":"https:\/\/slackhouseshop.pl\/en\/wp-json\/wp\/v2\/product\/5583","targetHints":{"allow":["GET"]}}],"collection":[{"href":"https:\/\/slackhouseshop.pl\/en\/wp-json\/wp\/v2\/product"}],"about":[{"href":"https:\/\/slackhouseshop.pl\/en\/wp-json\/wp\/v2\/types\/product"}],"replies":[{"embeddable":true,"href":"https:\/\/slackhouseshop.pl\/en\/wp-json\/wp\/v2\/comments?post=5583"}],"wp:featuredmedia":[{"embeddable":true,"href":"https:\/\/slackhouseshop.pl\/en\/wp-json\/wp\/v2\/media\/5574"}],"wp:attachment":[{"href":"https:\/\/slackhouseshop.pl\/en\/wp-json\/wp\/v2\/media?parent=5583"}],"wp:term":[{"taxonomy":"product_cat","embeddable":true,"href":"https:\/\/slackhouseshop.pl\/en\/wp-json\/wp\/v2\/product_cat?post=5583"},{"taxonomy":"product_tag","embeddable":true,"href":"https:\/\/slackhouseshop.pl\/en\/wp-json\/wp\/v2\/product_tag?post=5583"}],"curies":[{"name":"wp","href":"https:\/\/api.w.org\/{rel}","templated":true}]}}